{"id":18242,"date":"2019-06-17T15:21:57","date_gmt":"2019-06-17T13:21:57","guid":{"rendered":"https:\/\/www.elektrykamorska.pl\/produkt\/kabel-zasilajacy-ekranowany-emc\/"},"modified":"2025-11-20T10:13:47","modified_gmt":"2025-11-20T09:13:47","slug":"power-cable-armored-emc","status":"publish","type":"product","link":"https:\/\/www.elektrykamorska.pl\/en\/products-en\/power-cable-armored-emc\/","title":{"rendered":"Power Cable Armored EMC"},"content":{"rendered":"\t\t<div data-elementor-type=\"wp-post\" data-elementor-id=\"18242\" class=\"elementor elementor-18242 elementor-7517\" data-elementor-post-type=\"product\">\n\t\t\t\t<div class=\"elementor-element elementor-element-1213265 e-flex e-con-boxed e-con e-parent\" data-id=\"1213265\" data-element_type=\"container\">\n\t\t\t\t\t<div class=\"e-con-inner\">\n\t\t\t\t<div class=\"elementor-element elementor-element-0c2c3d6 elementor-widget elementor-widget-text-editor\" data-id=\"0c2c3d6\" data-element_type=\"widget\" data-widget_type=\"text-editor.default\">\n\t\t\t\t<div class=\"elementor-widget-container\">\n\t\t\t\t\t\t\t\t\t<p>Low voltage shipboard power cables with enhanced EMC properties for use in sensitive EMC areas and for Variable Frequency Drive applications. Enhanced shielding properties due to optimized tinned copper wire braid in combination with 100% foil-screen coverage. <\/p>\t\t\t\t\t\t\t\t<\/div>\n\t\t\t\t<\/div>\n\t\t\t\t<div class=\"elementor-element elementor-element-1cbd7f9 elementor-widget elementor-widget-accordion\" data-id=\"1cbd7f9\" data-element_type=\"widget\" data-widget_type=\"accordion.default\">\n\t\t\t\t<div class=\"elementor-widget-container\">\n\t\t\t\t\t\t\t<div class=\"elementor-accordion\">\n\t\t\t\t\t\t\t<div class=\"elementor-accordion-item\">\n\t\t\t\t\t<div id=\"elementor-tab-title-3011\" class=\"elementor-tab-title\" data-tab=\"1\" role=\"button\" aria-controls=\"elementor-tab-content-3011\" aria-expanded=\"false\">\n\t\t\t\t\t\t\t\t\t\t\t\t\t<span class=\"elementor-accordion-icon elementor-accordion-icon-left\" aria-hidden=\"true\">\n\t\t\t\t\t\t\t\t\t\t\t\t\t\t\t<span class=\"elementor-accordion-icon-closed\"><svg class=\"e-font-icon-svg e-fas-plus\" viewBox=\"0 0 448 512\" xmlns=\"http:\/\/www.w3.org\/2000\/svg\"><path d=\"M416 208H272V64c0-17.67-14.33-32-32-32h-32c-17.67 0-32 14.33-32 32v144H32c-17.67 0-32 14.33-32 32v32c0 17.67 14.33 32 32 32h144v144c0 17.67 14.33 32 32 32h32c17.67 0 32-14.33 32-32V304h144c17.67 0 32-14.33 32-32v-32c0-17.67-14.33-32-32-32z\"><\/path><\/svg><\/span>\n\t\t\t\t\t\t\t\t<span class=\"elementor-accordion-icon-opened\"><svg class=\"e-font-icon-svg e-fas-minus\" viewBox=\"0 0 448 512\" xmlns=\"http:\/\/www.w3.org\/2000\/svg\"><path d=\"M416 208H32c-17.67 0-32 14.33-32 32v32c0 17.67 14.33 32 32 32h384c17.67 0 32-14.33 32-32v-32c0-17.67-14.33-32-32-32z\"><\/path><\/svg><\/span>\n\t\t\t\t\t\t\t\t\t\t\t\t\t\t<\/span>\n\t\t\t\t\t\t\t\t\t\t\t\t<a class=\"elementor-accordion-title\" tabindex=\"0\">MarineLine YOZp EMC<\/a>\n\t\t\t\t\t<\/div>\n\t\t\t\t\t<div id=\"elementor-tab-content-3011\" class=\"elementor-tab-content elementor-clearfix\" data-tab=\"1\" role=\"region\" aria-labelledby=\"elementor-tab-title-3011\"><p><a href=\"\/wp-content\/uploads\/2019\/06\/YOZp-EMC.pdf\" target=\"_blank\" rel=\"noopener\">YOZp EMC Data Sheet<\/a><\/p>\n<p><a href=\"http:\/\/www.elektrykamorska.pl\/wp-content\/uploads\/2021\/07\/TAE000017H-revision2.pdf\" target=\"_blank\" rel=\"noopener\">DNV certificate<\/a><\/p>\n<\/div>\n\t\t\t\t<\/div>\n\t\t\t\t\t\t\t<div class=\"elementor-accordion-item\">\n\t\t\t\t\t<div id=\"elementor-tab-title-3012\" class=\"elementor-tab-title\" data-tab=\"2\" role=\"button\" aria-controls=\"elementor-tab-content-3012\" aria-expanded=\"false\">\n\t\t\t\t\t\t\t\t\t\t\t\t\t<span class=\"elementor-accordion-icon elementor-accordion-icon-left\" aria-hidden=\"true\">\n\t\t\t\t\t\t\t\t\t\t\t\t\t\t\t<span class=\"elementor-accordion-icon-closed\"><svg class=\"e-font-icon-svg e-fas-plus\" viewBox=\"0 0 448 512\" xmlns=\"http:\/\/www.w3.org\/2000\/svg\"><path d=\"M416 208H272V64c0-17.67-14.33-32-32-32h-32c-17.67 0-32 14.33-32 32v144H32c-17.67 0-32 14.33-32 32v32c0 17.67 14.33 32 32 32h144v144c0 17.67 14.33 32 32 32h32c17.67 0 32-14.33 32-32V304h144c17.67 0 32-14.33 32-32v-32c0-17.67-14.33-32-32-32z\"><\/path><\/svg><\/span>\n\t\t\t\t\t\t\t\t<span class=\"elementor-accordion-icon-opened\"><svg class=\"e-font-icon-svg e-fas-minus\" viewBox=\"0 0 448 512\" xmlns=\"http:\/\/www.w3.org\/2000\/svg\"><path d=\"M416 208H32c-17.67 0-32 14.33-32 32v32c0 17.67 14.33 32 32 32h384c17.67 0 32-14.33 32-32v-32c0-17.67-14.33-32-32-32z\"><\/path><\/svg><\/span>\n\t\t\t\t\t\t\t\t\t\t\t\t\t\t<\/span>\n\t\t\t\t\t\t\t\t\t\t\t\t<a class=\"elementor-accordion-title\" tabindex=\"0\">GAALSHIP HF 1000 A EMC<\/a>\n\t\t\t\t\t<\/div>\n\t\t\t\t\t<div id=\"elementor-tab-content-3012\" class=\"elementor-tab-content elementor-clearfix\" data-tab=\"2\" role=\"region\" aria-labelledby=\"elementor-tab-title-3012\"><p><a href=\"\/wp-content\/uploads\/2019\/06\/HF-1000-A-EMC.pdf\" target=\"_blank\" rel=\"noopener\">Data sheet HF 1000 A EMC<\/a><\/p>\n<p><a href=\"http:\/\/www.elektrykamorska.pl\/wp-content\/uploads\/2021\/07\/TAE00003S8-1.pdf\">DNV-GL certificate<\/a><\/p>\n<p><a href=\"\/wp-content\/uploads\/2019\/06\/49769_A0_BV.pdf\" target=\"_blank\" rel=\"noopener\">BV Certificate<\/a><\/p>\n<p><a href=\"\/wp-content\/uploads\/2019\/06\/ABS-HF-1000..-Series.pdf\" target=\"_blank\" rel=\"noopener\">ABS certificate<\/a><\/p>\n<p><a href=\"https:\/\/www.elektrykamorska.pl\/wp-content\/uploads\/2022\/05\/TAE000046V.pdf\">LR Certificate<\/a><\/p>\n<\/div>\n\t\t\t\t<\/div>\n\t\t\t\t\t\t\t<div class=\"elementor-accordion-item\">\n\t\t\t\t\t<div id=\"elementor-tab-title-3013\" class=\"elementor-tab-title\" data-tab=\"3\" role=\"button\" aria-controls=\"elementor-tab-content-3013\" aria-expanded=\"false\">\n\t\t\t\t\t\t\t\t\t\t\t\t\t<span class=\"elementor-accordion-icon elementor-accordion-icon-left\" aria-hidden=\"true\">\n\t\t\t\t\t\t\t\t\t\t\t\t\t\t\t<span class=\"elementor-accordion-icon-closed\"><svg class=\"e-font-icon-svg e-fas-plus\" viewBox=\"0 0 448 512\" xmlns=\"http:\/\/www.w3.org\/2000\/svg\"><path d=\"M416 208H272V64c0-17.67-14.33-32-32-32h-32c-17.67 0-32 14.33-32 32v144H32c-17.67 0-32 14.33-32 32v32c0 17.67 14.33 32 32 32h144v144c0 17.67 14.33 32 32 32h32c17.67 0 32-14.33 32-32V304h144c17.67 0 32-14.33 32-32v-32c0-17.67-14.33-32-32-32z\"><\/path><\/svg><\/span>\n\t\t\t\t\t\t\t\t<span class=\"elementor-accordion-icon-opened\"><svg class=\"e-font-icon-svg e-fas-minus\" viewBox=\"0 0 448 512\" xmlns=\"http:\/\/www.w3.org\/2000\/svg\"><path d=\"M416 208H32c-17.67 0-32 14.33-32 32v32c0 17.67 14.33 32 32 32h384c17.67 0 32-14.33 32-32v-32c0-17.67-14.33-32-32-32z\"><\/path><\/svg><\/span>\n\t\t\t\t\t\t\t\t\t\t\t\t\t\t<\/span>\n\t\t\t\t\t\t\t\t\t\t\t\t<a class=\"elementor-accordion-title\" tabindex=\"0\">U-HFAm EMC<\/a>\n\t\t\t\t\t<\/div>\n\t\t\t\t\t<div id=\"elementor-tab-content-3013\" class=\"elementor-tab-content elementor-clearfix\" data-tab=\"3\" role=\"region\" aria-labelledby=\"elementor-tab-title-3013\"><p><a href=\"\/wp-content\/uploads\/2019\/06\/EMC.pdf\" target=\"_blank\" rel=\"noopener\">U-HFAm EMC Data Sheet<\/a><\/p>\n<p><a href=\"http:\/\/www.elektrykamorska.pl\/wp-content\/uploads\/2021\/07\/TAE00000HX_3.pdf\" target=\"_blank\" rel=\"noopener\">DNV certificate<\/a><\/p>\n<\/div>\n\t\t\t\t<\/div>\n\t\t\t\t\t\t\t<div class=\"elementor-accordion-item\">\n\t\t\t\t\t<div id=\"elementor-tab-title-3014\" class=\"elementor-tab-title\" data-tab=\"4\" role=\"button\" aria-controls=\"elementor-tab-content-3014\" aria-expanded=\"false\">\n\t\t\t\t\t\t\t\t\t\t\t\t\t<span class=\"elementor-accordion-icon elementor-accordion-icon-left\" aria-hidden=\"true\">\n\t\t\t\t\t\t\t\t\t\t\t\t\t\t\t<span class=\"elementor-accordion-icon-closed\"><svg class=\"e-font-icon-svg e-fas-plus\" viewBox=\"0 0 448 512\" xmlns=\"http:\/\/www.w3.org\/2000\/svg\"><path d=\"M416 208H272V64c0-17.67-14.33-32-32-32h-32c-17.67 0-32 14.33-32 32v144H32c-17.67 0-32 14.33-32 32v32c0 17.67 14.33 32 32 32h144v144c0 17.67 14.33 32 32 32h32c17.67 0 32-14.33 32-32V304h144c17.67 0 32-14.33 32-32v-32c0-17.67-14.33-32-32-32z\"><\/path><\/svg><\/span>\n\t\t\t\t\t\t\t\t<span class=\"elementor-accordion-icon-opened\"><svg class=\"e-font-icon-svg e-fas-minus\" viewBox=\"0 0 448 512\" xmlns=\"http:\/\/www.w3.org\/2000\/svg\"><path d=\"M416 208H32c-17.67 0-32 14.33-32 32v32c0 17.67 14.33 32 32 32h384c17.67 0 32-14.33 32-32v-32c0-17.67-14.33-32-32-32z\"><\/path><\/svg><\/span>\n\t\t\t\t\t\t\t\t\t\t\t\t\t\t<\/span>\n\t\t\t\t\t\t\t\t\t\t\t\t<a class=\"elementor-accordion-title\" tabindex=\"0\">M2XCH-EMC<\/a>\n\t\t\t\t\t<\/div>\n\t\t\t\t\t<div id=\"elementor-tab-content-3014\" class=\"elementor-tab-content elementor-clearfix\" data-tab=\"4\" role=\"region\" aria-labelledby=\"elementor-tab-title-3014\"><p><a href=\"http:\/\/www.elektrykamorska.pl\/wp-content\/uploads\/2020\/04\/M2XCH-EMC-06-1-kV.pdf\" target=\"_blank\" rel=\"noopener\">Data Sheet M2XCH-EMC<\/a><\/p>\n<p><a href=\"http:\/\/www.elektrykamorska.pl\/wp-content\/uploads\/2020\/04\/DNVM2XH-M2XCH-M2XCH-EMC-TAE0000039_3-2.pdf\" target=\"_blank\" rel=\"noopener\">DNV certificate<\/a><\/p>\n<\/div>\n\t\t\t\t<\/div>\n\t\t\t\t\t\t\t\t<\/div>\n\t\t\t\t\t\t<\/div>\n\t\t\t\t<\/div>\n\t\t\t\t\t<\/div>\n\t\t\t\t<\/div>\n\t\t\t\t<\/div>\n\t\t","protected":false},"featured_media":16682,"template":"elementor_theme","meta":{"_acf_changed":false},"product_cat":[527,530],"class_list":["post-18242","product","type-product","status-publish","has-post-thumbnail","hentry","product_cat-cables","product_cat-power-cables-06-1kv"],"acf":{"photo_gallery":{"galeria_zdjec":[[]]}},"yoast_head":"<!-- This site is optimized with the Yoast SEO plugin v26.4 - https:\/\/yoast.com\/wordpress\/plugins\/seo\/ -->\n<title>Power Cable Armored EMC - Elektryka Morska<\/title>\n<meta name=\"robots\" content=\"index, follow, max-snippet:-1, max-image-preview:large, max-video-preview:-1\" \/>\n<link rel=\"canonical\" href=\"https:\/\/www.elektrykamorska.pl\/en\/products-en\/power-cable-armored-emc\/\" \/>\n<meta property=\"og:locale\" content=\"en_US\" \/>\n<meta property=\"og:type\" content=\"article\" \/>\n<meta property=\"og:title\" content=\"Power Cable Armored EMC - Elektryka Morska\" \/>\n<meta property=\"og:description\" content=\"Kable zasilaj\u0105ce niskiego napi\u0119cia o podwy\u017cszonych w\u0142a\u015bciwo\u015bciach EMC do u\u017cytku w wra\u017cliwych obszarach na statku.\" \/>\n<meta property=\"og:url\" content=\"https:\/\/www.elektrykamorska.pl\/en\/products-en\/power-cable-armored-emc\/\" \/>\n<meta property=\"og:site_name\" content=\"Elektryka Morska\" \/>\n<meta property=\"article:publisher\" content=\"https:\/\/www.facebook.com\/ElektrykaMorska\/\" \/>\n<meta property=\"article:modified_time\" content=\"2025-11-20T09:13:47+00:00\" \/>\n<meta property=\"og:image\" content=\"https:\/\/www.elektrykamorska.pl\/wp-content\/uploads\/2019\/06\/Kabel-Zasilajacy-Ekranowany-EMC.jpg\" \/>\n\t<meta property=\"og:image:width\" content=\"400\" \/>\n\t<meta property=\"og:image:height\" content=\"400\" \/>\n\t<meta property=\"og:image:type\" content=\"image\/jpeg\" \/>\n<meta name=\"twitter:card\" content=\"summary_large_image\" \/>\n<script type=\"application\/ld+json\" class=\"yoast-schema-graph\">{\"@context\":\"https:\/\/schema.org\",\"@graph\":[{\"@type\":\"WebPage\",\"@id\":\"https:\/\/www.elektrykamorska.pl\/en\/products-en\/power-cable-armored-emc\/\",\"url\":\"https:\/\/www.elektrykamorska.pl\/en\/products-en\/power-cable-armored-emc\/\",\"name\":\"Power Cable Armored EMC - Elektryka Morska\",\"isPartOf\":{\"@id\":\"https:\/\/www.elektrykamorska.pl\/en\/#website\"},\"primaryImageOfPage\":{\"@id\":\"https:\/\/www.elektrykamorska.pl\/en\/products-en\/power-cable-armored-emc\/#primaryimage\"},\"image\":{\"@id\":\"https:\/\/www.elektrykamorska.pl\/en\/products-en\/power-cable-armored-emc\/#primaryimage\"},\"thumbnailUrl\":\"https:\/\/www.elektrykamorska.pl\/wp-content\/uploads\/2019\/06\/Kabel-Zasilajacy-Ekranowany-EMC.jpg\",\"datePublished\":\"2019-06-17T13:21:57+00:00\",\"dateModified\":\"2025-11-20T09:13:47+00:00\",\"breadcrumb\":{\"@id\":\"https:\/\/www.elektrykamorska.pl\/en\/products-en\/power-cable-armored-emc\/#breadcrumb\"},\"inLanguage\":\"en-US\",\"potentialAction\":[{\"@type\":\"ReadAction\",\"target\":[\"https:\/\/www.elektrykamorska.pl\/en\/products-en\/power-cable-armored-emc\/\"]}]},{\"@type\":\"ImageObject\",\"inLanguage\":\"en-US\",\"@id\":\"https:\/\/www.elektrykamorska.pl\/en\/products-en\/power-cable-armored-emc\/#primaryimage\",\"url\":\"https:\/\/www.elektrykamorska.pl\/wp-content\/uploads\/2019\/06\/Kabel-Zasilajacy-Ekranowany-EMC.jpg\",\"contentUrl\":\"https:\/\/www.elektrykamorska.pl\/wp-content\/uploads\/2019\/06\/Kabel-Zasilajacy-Ekranowany-EMC.jpg\",\"width\":400,\"height\":400},{\"@type\":\"BreadcrumbList\",\"@id\":\"https:\/\/www.elektrykamorska.pl\/en\/products-en\/power-cable-armored-emc\/#breadcrumb\",\"itemListElement\":[{\"@type\":\"ListItem\",\"position\":1,\"name\":\"Homepage\",\"item\":\"https:\/\/www.elektrykamorska.pl\/en\/\"},{\"@type\":\"ListItem\",\"position\":2,\"name\":\"Products\",\"item\":\"https:\/\/www.elektrykamorska.pl\/en\/produkty\/\"},{\"@type\":\"ListItem\",\"position\":3,\"name\":\"Cables\",\"item\":\"https:\/\/www.elektrykamorska.pl\/en\/kategoria-produktu\/cables\/\"},{\"@type\":\"ListItem\",\"position\":4,\"name\":\"Power Cables 06\/1kV\",\"item\":\"https:\/\/www.elektrykamorska.pl\/en\/kategoria-produktu\/power-cables-06-1kv\/\"},{\"@type\":\"ListItem\",\"position\":5,\"name\":\"Power Cable Armored EMC\"}]},{\"@type\":\"WebSite\",\"@id\":\"https:\/\/www.elektrykamorska.pl\/en\/#website\",\"url\":\"https:\/\/www.elektrykamorska.pl\/en\/\",\"name\":\"Elektryka Morska\",\"description\":\"Empowering Green Future\",\"potentialAction\":[{\"@type\":\"SearchAction\",\"target\":{\"@type\":\"EntryPoint\",\"urlTemplate\":\"https:\/\/www.elektrykamorska.pl\/en\/?s={search_term_string}\"},\"query-input\":{\"@type\":\"PropertyValueSpecification\",\"valueRequired\":true,\"valueName\":\"search_term_string\"}}],\"inLanguage\":\"en-US\"}]}<\/script>\n<!-- \/ Yoast SEO plugin. -->","yoast_head_json":{"title":"Power Cable Armored EMC - Elektryka Morska","robots":{"index":"index","follow":"follow","max-snippet":"max-snippet:-1","max-image-preview":"max-image-preview:large","max-video-preview":"max-video-preview:-1"},"canonical":"https:\/\/www.elektrykamorska.pl\/en\/products-en\/power-cable-armored-emc\/","og_locale":"en_US","og_type":"article","og_title":"Power Cable Armored EMC - Elektryka Morska","og_description":"Kable zasilaj\u0105ce niskiego napi\u0119cia o podwy\u017cszonych w\u0142a\u015bciwo\u015bciach EMC do u\u017cytku w wra\u017cliwych obszarach na statku.","og_url":"https:\/\/www.elektrykamorska.pl\/en\/products-en\/power-cable-armored-emc\/","og_site_name":"Elektryka Morska","article_publisher":"https:\/\/www.facebook.com\/ElektrykaMorska\/","article_modified_time":"2025-11-20T09:13:47+00:00","og_image":[{"width":400,"height":400,"url":"https:\/\/www.elektrykamorska.pl\/wp-content\/uploads\/2019\/06\/Kabel-Zasilajacy-Ekranowany-EMC.jpg","type":"image\/jpeg"}],"twitter_card":"summary_large_image","schema":{"@context":"https:\/\/schema.org","@graph":[{"@type":"WebPage","@id":"https:\/\/www.elektrykamorska.pl\/en\/products-en\/power-cable-armored-emc\/","url":"https:\/\/www.elektrykamorska.pl\/en\/products-en\/power-cable-armored-emc\/","name":"Power Cable Armored EMC - Elektryka Morska","isPartOf":{"@id":"https:\/\/www.elektrykamorska.pl\/en\/#website"},"primaryImageOfPage":{"@id":"https:\/\/www.elektrykamorska.pl\/en\/products-en\/power-cable-armored-emc\/#primaryimage"},"image":{"@id":"https:\/\/www.elektrykamorska.pl\/en\/products-en\/power-cable-armored-emc\/#primaryimage"},"thumbnailUrl":"https:\/\/www.elektrykamorska.pl\/wp-content\/uploads\/2019\/06\/Kabel-Zasilajacy-Ekranowany-EMC.jpg","datePublished":"2019-06-17T13:21:57+00:00","dateModified":"2025-11-20T09:13:47+00:00","breadcrumb":{"@id":"https:\/\/www.elektrykamorska.pl\/en\/products-en\/power-cable-armored-emc\/#breadcrumb"},"inLanguage":"en-US","potentialAction":[{"@type":"ReadAction","target":["https:\/\/www.elektrykamorska.pl\/en\/products-en\/power-cable-armored-emc\/"]}]},{"@type":"ImageObject","inLanguage":"en-US","@id":"https:\/\/www.elektrykamorska.pl\/en\/products-en\/power-cable-armored-emc\/#primaryimage","url":"https:\/\/www.elektrykamorska.pl\/wp-content\/uploads\/2019\/06\/Kabel-Zasilajacy-Ekranowany-EMC.jpg","contentUrl":"https:\/\/www.elektrykamorska.pl\/wp-content\/uploads\/2019\/06\/Kabel-Zasilajacy-Ekranowany-EMC.jpg","width":400,"height":400},{"@type":"BreadcrumbList","@id":"https:\/\/www.elektrykamorska.pl\/en\/products-en\/power-cable-armored-emc\/#breadcrumb","itemListElement":[{"@type":"ListItem","position":1,"name":"Homepage","item":"https:\/\/www.elektrykamorska.pl\/en\/"},{"@type":"ListItem","position":2,"name":"Products","item":"https:\/\/www.elektrykamorska.pl\/en\/produkty\/"},{"@type":"ListItem","position":3,"name":"Cables","item":"https:\/\/www.elektrykamorska.pl\/en\/kategoria-produktu\/cables\/"},{"@type":"ListItem","position":4,"name":"Power Cables 06\/1kV","item":"https:\/\/www.elektrykamorska.pl\/en\/kategoria-produktu\/power-cables-06-1kv\/"},{"@type":"ListItem","position":5,"name":"Power Cable Armored EMC"}]},{"@type":"WebSite","@id":"https:\/\/www.elektrykamorska.pl\/en\/#website","url":"https:\/\/www.elektrykamorska.pl\/en\/","name":"Elektryka Morska","description":"Empowering Green Future","potentialAction":[{"@type":"SearchAction","target":{"@type":"EntryPoint","urlTemplate":"https:\/\/www.elektrykamorska.pl\/en\/?s={search_term_string}"},"query-input":{"@type":"PropertyValueSpecification","valueRequired":true,"valueName":"search_term_string"}}],"inLanguage":"en-US"}]}},"_links":{"self":[{"href":"https:\/\/www.elektrykamorska.pl\/en\/wp-json\/wp\/v2\/product\/18242","targetHints":{"allow":["GET"]}}],"collection":[{"href":"https:\/\/www.elektrykamorska.pl\/en\/wp-json\/wp\/v2\/product"}],"about":[{"href":"https:\/\/www.elektrykamorska.pl\/en\/wp-json\/wp\/v2\/types\/product"}],"version-history":[{"count":2,"href":"https:\/\/www.elektrykamorska.pl\/en\/wp-json\/wp\/v2\/product\/18242\/revisions"}],"predecessor-version":[{"id":18346,"href":"https:\/\/www.elektrykamorska.pl\/en\/wp-json\/wp\/v2\/product\/18242\/revisions\/18346"}],"wp:featuredmedia":[{"embeddable":true,"href":"https:\/\/www.elektrykamorska.pl\/en\/wp-json\/wp\/v2\/media\/16682"}],"wp:attachment":[{"href":"https:\/\/www.elektrykamorska.pl\/en\/wp-json\/wp\/v2\/media?parent=18242"}],"wp:term":[{"taxonomy":"product_cat","embeddable":true,"href":"https:\/\/www.elektrykamorska.pl\/en\/wp-json\/wp\/v2\/product_cat?post=18242"}],"curies":[{"name":"wp","href":"https:\/\/api.w.org\/{rel}","templated":true}]}}