{"id":18240,"date":"2019-06-18T13:01:17","date_gmt":"2019-06-18T11:01:17","guid":{"rendered":"https:\/\/www.elektrykamorska.pl\/produkt\/lampa-e3\/"},"modified":"2019-06-18T13:01:17","modified_gmt":"2019-06-18T11:01:17","slug":"lampa-e3","status":"publish","type":"product","link":"https:\/\/www.elektrykamorska.pl\/en\/products-en\/lampa-e3\/","title":{"rendered":"Lampa E3 8W"},"content":{"rendered":"\t\t<div data-elementor-type=\"wp-post\" data-elementor-id=\"18240\" class=\"elementor elementor-18240 elementor-8111\" data-elementor-post-type=\"product\">\n\t\t\t\t<div class=\"elementor-element elementor-element-7102adf e-flex e-con-boxed e-con e-parent\" data-id=\"7102adf\" data-element_type=\"container\">\n\t\t\t\t\t<div class=\"e-con-inner\">\n\t\t\t\t<div class=\"elementor-element elementor-element-92aecf7 elementor-widget elementor-widget-text-editor\" data-id=\"92aecf7\" data-element_type=\"widget\" data-widget_type=\"text-editor.default\">\n\t\t\t\t<div class=\"elementor-widget-container\">\n\t\t\t\t\t\t\t\t\t<h2>Lampa E3<\/h2><p>Napowierzchniowa oprawa kabinowa.<\/p><h6>Przeznaczenie<\/h6><p>Przeznaczona do o\u015bwietlania obszar\u00f3w zakwaterowania, \u0142azienek.<\/p>\t\t\t\t\t\t\t\t<\/div>\n\t\t\t\t<\/div>\n\t\t<div class=\"elementor-element elementor-element-2b38064 e-con-full e-flex e-con e-child\" data-id=\"2b38064\" data-element_type=\"container\">\n\t\t<div class=\"elementor-element elementor-element-b78cdfc e-con-full e-flex e-con e-child\" data-id=\"b78cdfc\" data-element_type=\"container\">\n\t\t\t\t<div class=\"elementor-element elementor-element-d0aec55 elementor-widget elementor-widget-text-editor\" data-id=\"d0aec55\" data-element_type=\"widget\" data-widget_type=\"text-editor.default\">\n\t\t\t\t<div class=\"elementor-widget-container\">\n\t\t\t\t\t\t\t\t\t<h6>Dane Techniczne<\/h6><ul><li>Stopie\u0144 Ochrony: IP 30<\/li><li>\u015awietl\u00f3wka 8W<\/li><li>Podstawa lampy: G5<\/li><\/ul>\t\t\t\t\t\t\t\t<\/div>\n\t\t\t\t<\/div>\n\t\t\t\t<\/div>\n\t\t<div class=\"elementor-element elementor-element-ac10f89 e-con-full e-flex e-con e-child\" data-id=\"ac10f89\" data-element_type=\"container\">\n\t\t\t\t<div class=\"elementor-element elementor-element-9171b5b elementor-widget elementor-widget-text-editor\" data-id=\"9171b5b\" data-element_type=\"widget\" data-widget_type=\"text-editor.default\">\n\t\t\t\t<div class=\"elementor-widget-container\">\n\t\t\t\t\t\t\t\t\t<h6>Budowa<\/h6><ul><li>Obudowa: stalowa p\u0142yta wysokiej jako\u015bci<\/li><li>Ko\u0144cowy poliw\u0119glan<\/li><li>Klosz: poliw\u0119glan<\/li><li>Wej\u015bcie kabla:\u00a0otwarcie z ty\u0142u<\/li><\/ul>\t\t\t\t\t\t\t\t<\/div>\n\t\t\t\t<\/div>\n\t\t\t\t<\/div>\n\t\t\t\t<\/div>\n\t\t\t\t<div class=\"elementor-element elementor-element-adff2db elementor-align-left elementor-widget elementor-widget-button\" data-id=\"adff2db\" data-element_type=\"widget\" data-widget_type=\"button.default\">\n\t\t\t\t<div class=\"elementor-widget-container\">\n\t\t\t\t\t\t\t\t\t<div class=\"elementor-button-wrapper\">\n\t\t\t\t\t<a class=\"elementor-button elementor-button-link elementor-size-sm\" href=\"http:\/\/www.elektrykamorska.pl\/wp-content\/uploads\/2019\/06\/E3new.pdf\">\n\t\t\t\t\t\t<span class=\"elementor-button-content-wrapper\">\n\t\t\t\t\t\t\t\t\t<span class=\"elementor-button-text\">POBIERZ KART\u0118 KATALOGOW\u0104<\/span>\n\t\t\t\t\t<\/span>\n\t\t\t\t\t<\/a>\n\t\t\t\t<\/div>\n\t\t\t\t\t\t\t\t<\/div>\n\t\t\t\t<\/div>\n\t\t\t\t\t<\/div>\n\t\t\t\t<\/div>\n\t\t\t\t<\/div>\n\t\t","protected":false},"featured_media":16751,"template":"elementor_theme","meta":{"_acf_changed":false},"product_cat":[531,520],"class_list":["post-18240","product","type-product","status-publish","has-post-thumbnail","hentry","product_cat-lamps","product_cat-lighting"],"acf":{"photo_gallery":{"galeria_zdjec":[[]]}},"yoast_head":"<!-- This site is optimized with the Yoast SEO plugin v26.4 - https:\/\/yoast.com\/wordpress\/plugins\/seo\/ -->\n<title>Lampa E3 8W - Elektryka Morska<\/title>\n<meta name=\"robots\" content=\"index, follow, max-snippet:-1, max-image-preview:large, max-video-preview:-1\" \/>\n<link rel=\"canonical\" href=\"https:\/\/www.elektrykamorska.pl\/en\/products-en\/lampa-e3\/\" \/>\n<meta property=\"og:locale\" content=\"en_US\" \/>\n<meta property=\"og:type\" content=\"article\" \/>\n<meta property=\"og:title\" content=\"Lampa E3 8W - Elektryka Morska\" \/>\n<meta property=\"og:description\" content=\"Lampa wn\u0119trzowa do kabin\" \/>\n<meta property=\"og:url\" content=\"https:\/\/www.elektrykamorska.pl\/en\/products-en\/lampa-e3\/\" \/>\n<meta property=\"og:site_name\" content=\"Elektryka Morska\" \/>\n<meta property=\"article:publisher\" content=\"https:\/\/www.facebook.com\/ElektrykaMorska\/\" \/>\n<meta name=\"twitter:card\" content=\"summary_large_image\" \/>\n<script type=\"application\/ld+json\" class=\"yoast-schema-graph\">{\"@context\":\"https:\/\/schema.org\",\"@graph\":[{\"@type\":\"WebPage\",\"@id\":\"https:\/\/www.elektrykamorska.pl\/en\/products-en\/lampa-e3\/\",\"url\":\"https:\/\/www.elektrykamorska.pl\/en\/products-en\/lampa-e3\/\",\"name\":\"Lampa E3 8W - Elektryka Morska\",\"isPartOf\":{\"@id\":\"https:\/\/www.elektrykamorska.pl\/en\/#website\"},\"primaryImageOfPage\":{\"@id\":\"https:\/\/www.elektrykamorska.pl\/en\/products-en\/lampa-e3\/#primaryimage\"},\"image\":{\"@id\":\"https:\/\/www.elektrykamorska.pl\/en\/products-en\/lampa-e3\/#primaryimage\"},\"thumbnailUrl\":\"https:\/\/www.elektrykamorska.pl\/wp-content\/uploads\/2019\/06\/Lampa-E3-2.jpg\",\"datePublished\":\"2019-06-18T11:01:17+00:00\",\"breadcrumb\":{\"@id\":\"https:\/\/www.elektrykamorska.pl\/en\/products-en\/lampa-e3\/#breadcrumb\"},\"inLanguage\":\"en-US\",\"potentialAction\":[{\"@type\":\"ReadAction\",\"target\":[\"https:\/\/www.elektrykamorska.pl\/en\/products-en\/lampa-e3\/\"]}]},{\"@type\":\"ImageObject\",\"inLanguage\":\"en-US\",\"@id\":\"https:\/\/www.elektrykamorska.pl\/en\/products-en\/lampa-e3\/#primaryimage\",\"url\":\"https:\/\/www.elektrykamorska.pl\/wp-content\/uploads\/2019\/06\/Lampa-E3-2.jpg\",\"contentUrl\":\"https:\/\/www.elektrykamorska.pl\/wp-content\/uploads\/2019\/06\/Lampa-E3-2.jpg\",\"width\":400,\"height\":400},{\"@type\":\"BreadcrumbList\",\"@id\":\"https:\/\/www.elektrykamorska.pl\/en\/products-en\/lampa-e3\/#breadcrumb\",\"itemListElement\":[{\"@type\":\"ListItem\",\"position\":1,\"name\":\"Homepage\",\"item\":\"https:\/\/www.elektrykamorska.pl\/en\/\"},{\"@type\":\"ListItem\",\"position\":2,\"name\":\"Products\",\"item\":\"https:\/\/www.elektrykamorska.pl\/en\/produkty\/\"},{\"@type\":\"ListItem\",\"position\":3,\"name\":\"Lighting\",\"item\":\"https:\/\/www.elektrykamorska.pl\/en\/kategoria-produktu\/lighting\/\"},{\"@type\":\"ListItem\",\"position\":4,\"name\":\"Lamps\",\"item\":\"https:\/\/www.elektrykamorska.pl\/en\/kategoria-produktu\/lamps\/\"},{\"@type\":\"ListItem\",\"position\":5,\"name\":\"Lampa E3 8W\"}]},{\"@type\":\"WebSite\",\"@id\":\"https:\/\/www.elektrykamorska.pl\/en\/#website\",\"url\":\"https:\/\/www.elektrykamorska.pl\/en\/\",\"name\":\"Elektryka Morska\",\"description\":\"Empowering Green Future\",\"potentialAction\":[{\"@type\":\"SearchAction\",\"target\":{\"@type\":\"EntryPoint\",\"urlTemplate\":\"https:\/\/www.elektrykamorska.pl\/en\/?s={search_term_string}\"},\"query-input\":{\"@type\":\"PropertyValueSpecification\",\"valueRequired\":true,\"valueName\":\"search_term_string\"}}],\"inLanguage\":\"en-US\"}]}<\/script>\n<!-- \/ Yoast SEO plugin. -->","yoast_head_json":{"title":"Lampa E3 8W - Elektryka Morska","robots":{"index":"index","follow":"follow","max-snippet":"max-snippet:-1","max-image-preview":"max-image-preview:large","max-video-preview":"max-video-preview:-1"},"canonical":"https:\/\/www.elektrykamorska.pl\/en\/products-en\/lampa-e3\/","og_locale":"en_US","og_type":"article","og_title":"Lampa E3 8W - Elektryka Morska","og_description":"Lampa wn\u0119trzowa do kabin","og_url":"https:\/\/www.elektrykamorska.pl\/en\/products-en\/lampa-e3\/","og_site_name":"Elektryka Morska","article_publisher":"https:\/\/www.facebook.com\/ElektrykaMorska\/","twitter_card":"summary_large_image","schema":{"@context":"https:\/\/schema.org","@graph":[{"@type":"WebPage","@id":"https:\/\/www.elektrykamorska.pl\/en\/products-en\/lampa-e3\/","url":"https:\/\/www.elektrykamorska.pl\/en\/products-en\/lampa-e3\/","name":"Lampa E3 8W - Elektryka Morska","isPartOf":{"@id":"https:\/\/www.elektrykamorska.pl\/en\/#website"},"primaryImageOfPage":{"@id":"https:\/\/www.elektrykamorska.pl\/en\/products-en\/lampa-e3\/#primaryimage"},"image":{"@id":"https:\/\/www.elektrykamorska.pl\/en\/products-en\/lampa-e3\/#primaryimage"},"thumbnailUrl":"https:\/\/www.elektrykamorska.pl\/wp-content\/uploads\/2019\/06\/Lampa-E3-2.jpg","datePublished":"2019-06-18T11:01:17+00:00","breadcrumb":{"@id":"https:\/\/www.elektrykamorska.pl\/en\/products-en\/lampa-e3\/#breadcrumb"},"inLanguage":"en-US","potentialAction":[{"@type":"ReadAction","target":["https:\/\/www.elektrykamorska.pl\/en\/products-en\/lampa-e3\/"]}]},{"@type":"ImageObject","inLanguage":"en-US","@id":"https:\/\/www.elektrykamorska.pl\/en\/products-en\/lampa-e3\/#primaryimage","url":"https:\/\/www.elektrykamorska.pl\/wp-content\/uploads\/2019\/06\/Lampa-E3-2.jpg","contentUrl":"https:\/\/www.elektrykamorska.pl\/wp-content\/uploads\/2019\/06\/Lampa-E3-2.jpg","width":400,"height":400},{"@type":"BreadcrumbList","@id":"https:\/\/www.elektrykamorska.pl\/en\/products-en\/lampa-e3\/#breadcrumb","itemListElement":[{"@type":"ListItem","position":1,"name":"Homepage","item":"https:\/\/www.elektrykamorska.pl\/en\/"},{"@type":"ListItem","position":2,"name":"Products","item":"https:\/\/www.elektrykamorska.pl\/en\/produkty\/"},{"@type":"ListItem","position":3,"name":"Lighting","item":"https:\/\/www.elektrykamorska.pl\/en\/kategoria-produktu\/lighting\/"},{"@type":"ListItem","position":4,"name":"Lamps","item":"https:\/\/www.elektrykamorska.pl\/en\/kategoria-produktu\/lamps\/"},{"@type":"ListItem","position":5,"name":"Lampa E3 8W"}]},{"@type":"WebSite","@id":"https:\/\/www.elektrykamorska.pl\/en\/#website","url":"https:\/\/www.elektrykamorska.pl\/en\/","name":"Elektryka Morska","description":"Empowering Green Future","potentialAction":[{"@type":"SearchAction","target":{"@type":"EntryPoint","urlTemplate":"https:\/\/www.elektrykamorska.pl\/en\/?s={search_term_string}"},"query-input":{"@type":"PropertyValueSpecification","valueRequired":true,"valueName":"search_term_string"}}],"inLanguage":"en-US"}]}},"_links":{"self":[{"href":"https:\/\/www.elektrykamorska.pl\/en\/wp-json\/wp\/v2\/product\/18240","targetHints":{"allow":["GET"]}}],"collection":[{"href":"https:\/\/www.elektrykamorska.pl\/en\/wp-json\/wp\/v2\/product"}],"about":[{"href":"https:\/\/www.elektrykamorska.pl\/en\/wp-json\/wp\/v2\/types\/product"}],"version-history":[{"count":0,"href":"https:\/\/www.elektrykamorska.pl\/en\/wp-json\/wp\/v2\/product\/18240\/revisions"}],"wp:featuredmedia":[{"embeddable":true,"href":"https:\/\/www.elektrykamorska.pl\/en\/wp-json\/wp\/v2\/media\/16751"}],"wp:attachment":[{"href":"https:\/\/www.elektrykamorska.pl\/en\/wp-json\/wp\/v2\/media?parent=18240"}],"wp:term":[{"taxonomy":"product_cat","embeddable":true,"href":"https:\/\/www.elektrykamorska.pl\/en\/wp-json\/wp\/v2\/product_cat?post=18240"}],"curies":[{"name":"wp","href":"https:\/\/api.w.org\/{rel}","templated":true}]}}