{"id":18236,"date":"2019-06-20T14:31:37","date_gmt":"2019-06-20T12:31:37","guid":{"rendered":"https:\/\/www.elektrykamorska.pl\/produkt\/lampa-e1-2x18w\/"},"modified":"2019-06-20T14:31:37","modified_gmt":"2019-06-20T12:31:37","slug":"lampa-e1-2x18w","status":"publish","type":"product","link":"https:\/\/www.elektrykamorska.pl\/en\/products-en\/lampa-e1-2x18w\/","title":{"rendered":"Lampa E1 2x18W\/2x36W"},"content":{"rendered":"\t\t<div data-elementor-type=\"wp-post\" data-elementor-id=\"18236\" class=\"elementor elementor-18236 elementor-7606\" data-elementor-post-type=\"product\">\n\t\t\t\t<div class=\"elementor-element elementor-element-e907526 e-flex e-con-boxed e-con e-parent\" data-id=\"e907526\" data-element_type=\"container\">\n\t\t\t\t\t<div class=\"e-con-inner\">\n\t\t\t\t<div class=\"elementor-element elementor-element-aceb222 elementor-widget elementor-widget-text-editor\" data-id=\"aceb222\" data-element_type=\"widget\" data-widget_type=\"text-editor.default\">\n\t\t\t\t<div class=\"elementor-widget-container\">\n\t\t\t\t\t\t\t\t\t<h2>Lampa E1<\/h2><p>Lampa py\u0142oszczelna i wodoodporna oprawa do \u015bwietl\u00f3wek T8.<\/p><p><strong>Przeznaczenie<\/strong><\/p><p>Przeznaczona do o\u015bwietlenia warsztat\u00f3w , maszynowni, si\u0142owni, magazyn\u00f3w, pok\u0142ad\u00f3w otwartych, przestrzeni o du\u017cej wilgotno\u015bci zar\u00f3wno na statkach jak i\u00a0 obiektach przemys\u0142owych.<\/p>\t\t\t\t\t\t\t\t<\/div>\n\t\t\t\t<\/div>\n\t\t<div class=\"elementor-element elementor-element-8e925c2 e-con-full e-flex e-con e-child\" data-id=\"8e925c2\" data-element_type=\"container\">\n\t\t<div class=\"elementor-element elementor-element-5e4dd58 e-con-full e-flex e-con e-child\" data-id=\"5e4dd58\" data-element_type=\"container\">\n\t\t\t\t<div class=\"elementor-element elementor-element-37ba871 elementor-widget elementor-widget-text-editor\" data-id=\"37ba871\" data-element_type=\"widget\" data-widget_type=\"text-editor.default\">\n\t\t\t\t<div class=\"elementor-widget-container\">\n\t\t\t\t\t\t\t\t\t<h6>Dane Techniczne<\/h6><ul><li>Stopie\u0144 Ochrony: IP 67<\/li><li>Lampa awaryjna:\u00a0 Standard B15<\/li><li>\u015awietl\u00f3wka 18\/20 W, 36\/40 W<\/li><li>Podstawa lampy: G13<\/li><\/ul>\t\t\t\t\t\t\t\t<\/div>\n\t\t\t\t<\/div>\n\t\t\t\t<\/div>\n\t\t<div class=\"elementor-element elementor-element-6422905 e-con-full e-flex e-con e-child\" data-id=\"6422905\" data-element_type=\"container\">\n\t\t\t\t<div class=\"elementor-element elementor-element-8a03333 elementor-widget elementor-widget-text-editor\" data-id=\"8a03333\" data-element_type=\"widget\" data-widget_type=\"text-editor.default\">\n\t\t\t\t<div class=\"elementor-widget-container\">\n\t\t\t\t\t\t\t\t\t<h6>Budowa<\/h6><ul><li>Obudowa: stal nierdzewna<\/li><li>Wyko\u0144czenie: lakierowane proszkowo &#8211; Bialy<\/li><li>Klosz: Szk\u0142o<\/li><li>Wej\u015bcie kablowe: d\u0142awik<\/li><\/ul>\t\t\t\t\t\t\t\t<\/div>\n\t\t\t\t<\/div>\n\t\t\t\t<\/div>\n\t\t\t\t<\/div>\n\t\t\t\t<div class=\"elementor-element elementor-element-c2b76d0 elementor-align-left elementor-widget elementor-widget-button\" data-id=\"c2b76d0\" data-element_type=\"widget\" data-widget_type=\"button.default\">\n\t\t\t\t<div class=\"elementor-widget-container\">\n\t\t\t\t\t\t\t\t\t<div class=\"elementor-button-wrapper\">\n\t\t\t\t\t<a class=\"elementor-button elementor-button-link elementor-size-sm\" href=\"http:\/\/www.elektrykamorska.pl\/wp-content\/uploads\/2019\/06\/e1new.pdf\">\n\t\t\t\t\t\t<span class=\"elementor-button-content-wrapper\">\n\t\t\t\t\t\t\t\t\t<span class=\"elementor-button-text\">POBIERZ KART\u0118 KATALOGOW\u0104<\/span>\n\t\t\t\t\t<\/span>\n\t\t\t\t\t<\/a>\n\t\t\t\t<\/div>\n\t\t\t\t\t\t\t\t<\/div>\n\t\t\t\t<\/div>\n\t\t\t\t\t<\/div>\n\t\t\t\t<\/div>\n\t\t\t\t<\/div>\n\t\t","protected":false},"featured_media":16690,"template":"elementor_theme","meta":{"_acf_changed":false},"product_cat":[531,520],"class_list":["post-18236","product","type-product","status-publish","has-post-thumbnail","hentry","product_cat-lamps","product_cat-lighting"],"acf":{"photo_gallery":{"galeria_zdjec":[[]]}},"yoast_head":"<!-- This site is optimized with the Yoast SEO plugin v26.4 - https:\/\/yoast.com\/wordpress\/plugins\/seo\/ -->\n<title>Lampa E1 2x18W\/2x36W - Elektryka Morska<\/title>\n<meta name=\"robots\" content=\"index, follow, max-snippet:-1, max-image-preview:large, max-video-preview:-1\" \/>\n<link rel=\"canonical\" href=\"https:\/\/www.elektrykamorska.pl\/en\/products-en\/lampa-e1-2x18w\/\" \/>\n<meta property=\"og:locale\" content=\"en_US\" \/>\n<meta property=\"og:type\" content=\"article\" \/>\n<meta property=\"og:title\" content=\"Lampa E1 2x18W\/2x36W - Elektryka Morska\" \/>\n<meta property=\"og:description\" content=\"Wodoszczelna oprawa uniwersalna\" \/>\n<meta property=\"og:url\" content=\"https:\/\/www.elektrykamorska.pl\/en\/products-en\/lampa-e1-2x18w\/\" \/>\n<meta property=\"og:site_name\" content=\"Elektryka Morska\" \/>\n<meta property=\"article:publisher\" content=\"https:\/\/www.facebook.com\/ElektrykaMorska\/\" \/>\n<meta name=\"twitter:card\" content=\"summary_large_image\" \/>\n<script type=\"application\/ld+json\" class=\"yoast-schema-graph\">{\"@context\":\"https:\/\/schema.org\",\"@graph\":[{\"@type\":\"WebPage\",\"@id\":\"https:\/\/www.elektrykamorska.pl\/en\/products-en\/lampa-e1-2x18w\/\",\"url\":\"https:\/\/www.elektrykamorska.pl\/en\/products-en\/lampa-e1-2x18w\/\",\"name\":\"Lampa E1 2x18W\/2x36W - Elektryka Morska\",\"isPartOf\":{\"@id\":\"https:\/\/www.elektrykamorska.pl\/en\/#website\"},\"primaryImageOfPage\":{\"@id\":\"https:\/\/www.elektrykamorska.pl\/en\/products-en\/lampa-e1-2x18w\/#primaryimage\"},\"image\":{\"@id\":\"https:\/\/www.elektrykamorska.pl\/en\/products-en\/lampa-e1-2x18w\/#primaryimage\"},\"thumbnailUrl\":\"https:\/\/www.elektrykamorska.pl\/wp-content\/uploads\/2019\/06\/Lampa-E1-2x18W.jpg\",\"datePublished\":\"2019-06-20T12:31:37+00:00\",\"breadcrumb\":{\"@id\":\"https:\/\/www.elektrykamorska.pl\/en\/products-en\/lampa-e1-2x18w\/#breadcrumb\"},\"inLanguage\":\"en-US\",\"potentialAction\":[{\"@type\":\"ReadAction\",\"target\":[\"https:\/\/www.elektrykamorska.pl\/en\/products-en\/lampa-e1-2x18w\/\"]}]},{\"@type\":\"ImageObject\",\"inLanguage\":\"en-US\",\"@id\":\"https:\/\/www.elektrykamorska.pl\/en\/products-en\/lampa-e1-2x18w\/#primaryimage\",\"url\":\"https:\/\/www.elektrykamorska.pl\/wp-content\/uploads\/2019\/06\/Lampa-E1-2x18W.jpg\",\"contentUrl\":\"https:\/\/www.elektrykamorska.pl\/wp-content\/uploads\/2019\/06\/Lampa-E1-2x18W.jpg\",\"width\":595,\"height\":595},{\"@type\":\"BreadcrumbList\",\"@id\":\"https:\/\/www.elektrykamorska.pl\/en\/products-en\/lampa-e1-2x18w\/#breadcrumb\",\"itemListElement\":[{\"@type\":\"ListItem\",\"position\":1,\"name\":\"Homepage\",\"item\":\"https:\/\/www.elektrykamorska.pl\/en\/\"},{\"@type\":\"ListItem\",\"position\":2,\"name\":\"Products\",\"item\":\"https:\/\/www.elektrykamorska.pl\/en\/produkty\/\"},{\"@type\":\"ListItem\",\"position\":3,\"name\":\"Lighting\",\"item\":\"https:\/\/www.elektrykamorska.pl\/en\/kategoria-produktu\/lighting\/\"},{\"@type\":\"ListItem\",\"position\":4,\"name\":\"Lamps\",\"item\":\"https:\/\/www.elektrykamorska.pl\/en\/kategoria-produktu\/lamps\/\"},{\"@type\":\"ListItem\",\"position\":5,\"name\":\"Lampa E1 2x18W\/2x36W\"}]},{\"@type\":\"WebSite\",\"@id\":\"https:\/\/www.elektrykamorska.pl\/en\/#website\",\"url\":\"https:\/\/www.elektrykamorska.pl\/en\/\",\"name\":\"Elektryka Morska\",\"description\":\"Empowering Green Future\",\"potentialAction\":[{\"@type\":\"SearchAction\",\"target\":{\"@type\":\"EntryPoint\",\"urlTemplate\":\"https:\/\/www.elektrykamorska.pl\/en\/?s={search_term_string}\"},\"query-input\":{\"@type\":\"PropertyValueSpecification\",\"valueRequired\":true,\"valueName\":\"search_term_string\"}}],\"inLanguage\":\"en-US\"}]}<\/script>\n<!-- \/ Yoast SEO plugin. -->","yoast_head_json":{"title":"Lampa E1 2x18W\/2x36W - Elektryka Morska","robots":{"index":"index","follow":"follow","max-snippet":"max-snippet:-1","max-image-preview":"max-image-preview:large","max-video-preview":"max-video-preview:-1"},"canonical":"https:\/\/www.elektrykamorska.pl\/en\/products-en\/lampa-e1-2x18w\/","og_locale":"en_US","og_type":"article","og_title":"Lampa E1 2x18W\/2x36W - Elektryka Morska","og_description":"Wodoszczelna oprawa uniwersalna","og_url":"https:\/\/www.elektrykamorska.pl\/en\/products-en\/lampa-e1-2x18w\/","og_site_name":"Elektryka Morska","article_publisher":"https:\/\/www.facebook.com\/ElektrykaMorska\/","twitter_card":"summary_large_image","schema":{"@context":"https:\/\/schema.org","@graph":[{"@type":"WebPage","@id":"https:\/\/www.elektrykamorska.pl\/en\/products-en\/lampa-e1-2x18w\/","url":"https:\/\/www.elektrykamorska.pl\/en\/products-en\/lampa-e1-2x18w\/","name":"Lampa E1 2x18W\/2x36W - Elektryka Morska","isPartOf":{"@id":"https:\/\/www.elektrykamorska.pl\/en\/#website"},"primaryImageOfPage":{"@id":"https:\/\/www.elektrykamorska.pl\/en\/products-en\/lampa-e1-2x18w\/#primaryimage"},"image":{"@id":"https:\/\/www.elektrykamorska.pl\/en\/products-en\/lampa-e1-2x18w\/#primaryimage"},"thumbnailUrl":"https:\/\/www.elektrykamorska.pl\/wp-content\/uploads\/2019\/06\/Lampa-E1-2x18W.jpg","datePublished":"2019-06-20T12:31:37+00:00","breadcrumb":{"@id":"https:\/\/www.elektrykamorska.pl\/en\/products-en\/lampa-e1-2x18w\/#breadcrumb"},"inLanguage":"en-US","potentialAction":[{"@type":"ReadAction","target":["https:\/\/www.elektrykamorska.pl\/en\/products-en\/lampa-e1-2x18w\/"]}]},{"@type":"ImageObject","inLanguage":"en-US","@id":"https:\/\/www.elektrykamorska.pl\/en\/products-en\/lampa-e1-2x18w\/#primaryimage","url":"https:\/\/www.elektrykamorska.pl\/wp-content\/uploads\/2019\/06\/Lampa-E1-2x18W.jpg","contentUrl":"https:\/\/www.elektrykamorska.pl\/wp-content\/uploads\/2019\/06\/Lampa-E1-2x18W.jpg","width":595,"height":595},{"@type":"BreadcrumbList","@id":"https:\/\/www.elektrykamorska.pl\/en\/products-en\/lampa-e1-2x18w\/#breadcrumb","itemListElement":[{"@type":"ListItem","position":1,"name":"Homepage","item":"https:\/\/www.elektrykamorska.pl\/en\/"},{"@type":"ListItem","position":2,"name":"Products","item":"https:\/\/www.elektrykamorska.pl\/en\/produkty\/"},{"@type":"ListItem","position":3,"name":"Lighting","item":"https:\/\/www.elektrykamorska.pl\/en\/kategoria-produktu\/lighting\/"},{"@type":"ListItem","position":4,"name":"Lamps","item":"https:\/\/www.elektrykamorska.pl\/en\/kategoria-produktu\/lamps\/"},{"@type":"ListItem","position":5,"name":"Lampa E1 2x18W\/2x36W"}]},{"@type":"WebSite","@id":"https:\/\/www.elektrykamorska.pl\/en\/#website","url":"https:\/\/www.elektrykamorska.pl\/en\/","name":"Elektryka Morska","description":"Empowering Green Future","potentialAction":[{"@type":"SearchAction","target":{"@type":"EntryPoint","urlTemplate":"https:\/\/www.elektrykamorska.pl\/en\/?s={search_term_string}"},"query-input":{"@type":"PropertyValueSpecification","valueRequired":true,"valueName":"search_term_string"}}],"inLanguage":"en-US"}]}},"_links":{"self":[{"href":"https:\/\/www.elektrykamorska.pl\/en\/wp-json\/wp\/v2\/product\/18236","targetHints":{"allow":["GET"]}}],"collection":[{"href":"https:\/\/www.elektrykamorska.pl\/en\/wp-json\/wp\/v2\/product"}],"about":[{"href":"https:\/\/www.elektrykamorska.pl\/en\/wp-json\/wp\/v2\/types\/product"}],"version-history":[{"count":0,"href":"https:\/\/www.elektrykamorska.pl\/en\/wp-json\/wp\/v2\/product\/18236\/revisions"}],"wp:featuredmedia":[{"embeddable":true,"href":"https:\/\/www.elektrykamorska.pl\/en\/wp-json\/wp\/v2\/media\/16690"}],"wp:attachment":[{"href":"https:\/\/www.elektrykamorska.pl\/en\/wp-json\/wp\/v2\/media?parent=18236"}],"wp:term":[{"taxonomy":"product_cat","embeddable":true,"href":"https:\/\/www.elektrykamorska.pl\/en\/wp-json\/wp\/v2\/product_cat?post=18236"}],"curies":[{"name":"wp","href":"https:\/\/api.w.org\/{rel}","templated":true}]}}