{"id":18235,"date":"2019-06-20T14:54:00","date_gmt":"2019-06-20T12:54:00","guid":{"rendered":"https:\/\/www.elektrykamorska.pl\/produkt\/kabel-zasilajacy-ekranowany\/"},"modified":"2025-11-20T10:15:39","modified_gmt":"2025-11-20T09:15:39","slug":"armored-power-cable","status":"publish","type":"product","link":"https:\/\/www.elektrykamorska.pl\/en\/products-en\/armored-power-cable\/","title":{"rendered":"Armored Power Cable"},"content":{"rendered":"\t\t<div data-elementor-type=\"wp-post\" data-elementor-id=\"18235\" class=\"elementor elementor-18235 elementor-7408\" data-elementor-post-type=\"product\">\n\t\t\t\t\t\t<section class=\"elementor-section elementor-top-section elementor-element elementor-element-3e321482 elementor-section-boxed elementor-section-height-default elementor-section-height-default\" data-id=\"3e321482\" data-element_type=\"section\">\n\t\t\t\t\t\t<div class=\"elementor-container elementor-column-gap-default\">\n\t\t\t\t\t<div class=\"elementor-column elementor-col-100 elementor-top-column elementor-element elementor-element-778c377f\" data-id=\"778c377f\" data-element_type=\"column\">\n\t\t\t<div class=\"elementor-widget-wrap elementor-element-populated\">\n\t\t\t\t\t\t<div class=\"elementor-element elementor-element-79480ace elementor-widget elementor-widget-text-editor\" data-id=\"79480ace\" data-element_type=\"widget\" data-widget_type=\"text-editor.default\">\n\t\t\t\t<div class=\"elementor-widget-container\">\n\t\t\t\t\t\t\t\t\t<p>Lightweight, armoured, reduced diameter low voltage power cables for power and lighting applications in all ship areas<\/p>\t\t\t\t\t\t\t\t<\/div>\n\t\t\t\t<\/div>\n\t\t\t\t\t<\/div>\n\t\t<\/div>\n\t\t\t\t\t<\/div>\n\t\t<\/section>\n\t\t\t\t<section class=\"elementor-section elementor-top-section elementor-element elementor-element-dbee1ce elementor-section-boxed elementor-section-height-default elementor-section-height-default\" data-id=\"dbee1ce\" data-element_type=\"section\">\n\t\t\t\t\t\t<div class=\"elementor-container elementor-column-gap-default\">\n\t\t\t\t\t<div class=\"elementor-column elementor-col-100 elementor-top-column elementor-element elementor-element-4d37fd6\" data-id=\"4d37fd6\" data-element_type=\"column\">\n\t\t\t<div class=\"elementor-widget-wrap elementor-element-populated\">\n\t\t\t\t\t\t<div class=\"elementor-element elementor-element-80695ff elementor-widget elementor-widget-accordion\" data-id=\"80695ff\" data-element_type=\"widget\" data-widget_type=\"accordion.default\">\n\t\t\t\t<div class=\"elementor-widget-container\">\n\t\t\t\t\t\t\t<div class=\"elementor-accordion\">\n\t\t\t\t\t\t\t<div class=\"elementor-accordion-item\">\n\t\t\t\t\t<div id=\"elementor-tab-title-1341\" class=\"elementor-tab-title\" data-tab=\"1\" role=\"button\" aria-controls=\"elementor-tab-content-1341\" aria-expanded=\"false\">\n\t\t\t\t\t\t\t\t\t\t\t\t\t<span class=\"elementor-accordion-icon elementor-accordion-icon-left\" aria-hidden=\"true\">\n\t\t\t\t\t\t\t\t\t\t\t\t\t\t\t<span class=\"elementor-accordion-icon-closed\"><svg class=\"e-font-icon-svg e-fas-plus\" viewBox=\"0 0 448 512\" xmlns=\"http:\/\/www.w3.org\/2000\/svg\"><path d=\"M416 208H272V64c0-17.67-14.33-32-32-32h-32c-17.67 0-32 14.33-32 32v144H32c-17.67 0-32 14.33-32 32v32c0 17.67 14.33 32 32 32h144v144c0 17.67 14.33 32 32 32h32c17.67 0 32-14.33 32-32V304h144c17.67 0 32-14.33 32-32v-32c0-17.67-14.33-32-32-32z\"><\/path><\/svg><\/span>\n\t\t\t\t\t\t\t\t<span class=\"elementor-accordion-icon-opened\"><svg class=\"e-font-icon-svg e-fas-minus\" viewBox=\"0 0 448 512\" xmlns=\"http:\/\/www.w3.org\/2000\/svg\"><path d=\"M416 208H32c-17.67 0-32 14.33-32 32v32c0 17.67 14.33 32 32 32h384c17.67 0 32-14.33 32-32v-32c0-17.67-14.33-32-32-32z\"><\/path><\/svg><\/span>\n\t\t\t\t\t\t\t\t\t\t\t\t\t\t<\/span>\n\t\t\t\t\t\t\t\t\t\t\t\t<a class=\"elementor-accordion-title\" tabindex=\"0\">MarineLine YOZp<\/a>\n\t\t\t\t\t<\/div>\n\t\t\t\t\t<div id=\"elementor-tab-content-1341\" class=\"elementor-tab-content elementor-clearfix\" data-tab=\"1\" role=\"region\" aria-labelledby=\"elementor-tab-title-1341\"><p><a href=\"\/wp-content\/uploads\/2019\/06\/YOZp.pdf\" target=\"_blank\" rel=\"noopener\">Datasheet &#8211; YOZp<\/a><\/p>\n<p><a href=\"\/wp-content\/uploads\/2019\/06\/marine-line-flex-yozp.pdf\" target=\"_blank\" rel=\"noopener\">MarineFlex YOZp datasheet<\/a><\/p>\n<p><a href=\"http:\/\/www.elektrykamorska.pl\/wp-content\/uploads\/2021\/07\/TAE000017H-revision2.pdf\" target=\"_blank\" rel=\"noopener\">DNV certificate<\/a><\/p>\n<p><a href=\"\/wp-content\/uploads\/2019\/06\/ABS-ML-MF-YZP-YOZp-YOZP-EMC.pdf\" target=\"_blank\" rel=\"noopener\">ABS certificate<\/a><\/p>\n<\/div>\n\t\t\t\t<\/div>\n\t\t\t\t\t\t\t<div class=\"elementor-accordion-item\">\n\t\t\t\t\t<div id=\"elementor-tab-title-1342\" class=\"elementor-tab-title\" data-tab=\"2\" role=\"button\" aria-controls=\"elementor-tab-content-1342\" aria-expanded=\"false\">\n\t\t\t\t\t\t\t\t\t\t\t\t\t<span class=\"elementor-accordion-icon elementor-accordion-icon-left\" aria-hidden=\"true\">\n\t\t\t\t\t\t\t\t\t\t\t\t\t\t\t<span class=\"elementor-accordion-icon-closed\"><svg class=\"e-font-icon-svg e-fas-plus\" viewBox=\"0 0 448 512\" xmlns=\"http:\/\/www.w3.org\/2000\/svg\"><path d=\"M416 208H272V64c0-17.67-14.33-32-32-32h-32c-17.67 0-32 14.33-32 32v144H32c-17.67 0-32 14.33-32 32v32c0 17.67 14.33 32 32 32h144v144c0 17.67 14.33 32 32 32h32c17.67 0 32-14.33 32-32V304h144c17.67 0 32-14.33 32-32v-32c0-17.67-14.33-32-32-32z\"><\/path><\/svg><\/span>\n\t\t\t\t\t\t\t\t<span class=\"elementor-accordion-icon-opened\"><svg class=\"e-font-icon-svg e-fas-minus\" viewBox=\"0 0 448 512\" xmlns=\"http:\/\/www.w3.org\/2000\/svg\"><path d=\"M416 208H32c-17.67 0-32 14.33-32 32v32c0 17.67 14.33 32 32 32h384c17.67 0 32-14.33 32-32v-32c0-17.67-14.33-32-32-32z\"><\/path><\/svg><\/span>\n\t\t\t\t\t\t\t\t\t\t\t\t\t\t<\/span>\n\t\t\t\t\t\t\t\t\t\t\t\t<a class=\"elementor-accordion-title\" tabindex=\"0\">GAALSHIP HF 1000 A<\/a>\n\t\t\t\t\t<\/div>\n\t\t\t\t\t<div id=\"elementor-tab-content-1342\" class=\"elementor-tab-content elementor-clearfix\" data-tab=\"2\" role=\"region\" aria-labelledby=\"elementor-tab-title-1342\"><p><a href=\"\/wp-content\/uploads\/2019\/06\/GAALSHIP-HF-1000-A.pdf\" target=\"_blank\" rel=\"noopener\">Data sheet &#8211; HF 1000 A<\/a><\/p>\n<p><a href=\"http:\/\/www.elektrykamorska.pl\/wp-content\/uploads\/2021\/07\/TAE00003S8-1.pdf\">DNV-GL certificate<\/a><\/p>\n<p><a href=\"\/wp-content\/uploads\/2019\/06\/49769_A0_BV.pdf\" target=\"_blank\" rel=\"noopener\">BV Certificate<\/a><\/p>\n<p><a href=\"\/wp-content\/uploads\/2019\/06\/ABS-HF-1000..-Series.pdf\" target=\"_blank\" rel=\"noopener\">ABS certificate<\/a><\/p>\n<p><a href=\"https:\/\/www.elektrykamorska.pl\/wp-content\/uploads\/2022\/05\/TAE000046V.pdf\">LR Certificate<\/a><\/p>\n<\/div>\n\t\t\t\t<\/div>\n\t\t\t\t\t\t\t<div class=\"elementor-accordion-item\">\n\t\t\t\t\t<div id=\"elementor-tab-title-1343\" class=\"elementor-tab-title\" data-tab=\"3\" role=\"button\" aria-controls=\"elementor-tab-content-1343\" aria-expanded=\"false\">\n\t\t\t\t\t\t\t\t\t\t\t\t\t<span class=\"elementor-accordion-icon elementor-accordion-icon-left\" aria-hidden=\"true\">\n\t\t\t\t\t\t\t\t\t\t\t\t\t\t\t<span class=\"elementor-accordion-icon-closed\"><svg class=\"e-font-icon-svg e-fas-plus\" viewBox=\"0 0 448 512\" xmlns=\"http:\/\/www.w3.org\/2000\/svg\"><path d=\"M416 208H272V64c0-17.67-14.33-32-32-32h-32c-17.67 0-32 14.33-32 32v144H32c-17.67 0-32 14.33-32 32v32c0 17.67 14.33 32 32 32h144v144c0 17.67 14.33 32 32 32h32c17.67 0 32-14.33 32-32V304h144c17.67 0 32-14.33 32-32v-32c0-17.67-14.33-32-32-32z\"><\/path><\/svg><\/span>\n\t\t\t\t\t\t\t\t<span class=\"elementor-accordion-icon-opened\"><svg class=\"e-font-icon-svg e-fas-minus\" viewBox=\"0 0 448 512\" xmlns=\"http:\/\/www.w3.org\/2000\/svg\"><path d=\"M416 208H32c-17.67 0-32 14.33-32 32v32c0 17.67 14.33 32 32 32h384c17.67 0 32-14.33 32-32v-32c0-17.67-14.33-32-32-32z\"><\/path><\/svg><\/span>\n\t\t\t\t\t\t\t\t\t\t\t\t\t\t<\/span>\n\t\t\t\t\t\t\t\t\t\t\t\t<a class=\"elementor-accordion-title\" tabindex=\"0\">U-HFAm<\/a>\n\t\t\t\t\t<\/div>\n\t\t\t\t\t<div id=\"elementor-tab-content-1343\" class=\"elementor-tab-content elementor-clearfix\" data-tab=\"3\" role=\"region\" aria-labelledby=\"elementor-tab-title-1343\"><p><a href=\"\/wp-content\/uploads\/2019\/06\/U-HFAm.pdf\" target=\"_blank\" rel=\"noopener\">Datasheet &#8211; U-HFAm<\/a><\/p>\n<p><a href=\"http:\/\/www.elektrykamorska.pl\/wp-content\/uploads\/2021\/07\/TAE00000HX_3.pdf\" target=\"_blank\" rel=\"noopener\">DNV certificate<\/a><\/p>\n<\/div>\n\t\t\t\t<\/div>\n\t\t\t\t\t\t\t<div class=\"elementor-accordion-item\">\n\t\t\t\t\t<div id=\"elementor-tab-title-1344\" class=\"elementor-tab-title\" data-tab=\"4\" role=\"button\" aria-controls=\"elementor-tab-content-1344\" aria-expanded=\"false\">\n\t\t\t\t\t\t\t\t\t\t\t\t\t<span class=\"elementor-accordion-icon elementor-accordion-icon-left\" aria-hidden=\"true\">\n\t\t\t\t\t\t\t\t\t\t\t\t\t\t\t<span class=\"elementor-accordion-icon-closed\"><svg class=\"e-font-icon-svg e-fas-plus\" viewBox=\"0 0 448 512\" xmlns=\"http:\/\/www.w3.org\/2000\/svg\"><path d=\"M416 208H272V64c0-17.67-14.33-32-32-32h-32c-17.67 0-32 14.33-32 32v144H32c-17.67 0-32 14.33-32 32v32c0 17.67 14.33 32 32 32h144v144c0 17.67 14.33 32 32 32h32c17.67 0 32-14.33 32-32V304h144c17.67 0 32-14.33 32-32v-32c0-17.67-14.33-32-32-32z\"><\/path><\/svg><\/span>\n\t\t\t\t\t\t\t\t<span class=\"elementor-accordion-icon-opened\"><svg class=\"e-font-icon-svg e-fas-minus\" viewBox=\"0 0 448 512\" xmlns=\"http:\/\/www.w3.org\/2000\/svg\"><path d=\"M416 208H32c-17.67 0-32 14.33-32 32v32c0 17.67 14.33 32 32 32h384c17.67 0 32-14.33 32-32v-32c0-17.67-14.33-32-32-32z\"><\/path><\/svg><\/span>\n\t\t\t\t\t\t\t\t\t\t\t\t\t\t<\/span>\n\t\t\t\t\t\t\t\t\t\t\t\t<a class=\"elementor-accordion-title\" tabindex=\"0\">M2XCH-NOFI<\/a>\n\t\t\t\t\t<\/div>\n\t\t\t\t\t<div id=\"elementor-tab-content-1344\" class=\"elementor-tab-content elementor-clearfix\" data-tab=\"4\" role=\"region\" aria-labelledby=\"elementor-tab-title-1344\"><p><a href=\"http:\/\/www.elektrykamorska.pl\/wp-content\/uploads\/2020\/04\/M2XCH-NOFI.pdf\" target=\"_blank\" rel=\"noopener\">Data Sheet M2XCH-NOFI<\/a><\/p>\n<p><a href=\"http:\/\/www.elektrykamorska.pl\/wp-content\/uploads\/2020\/04\/DNVM2XH-M2XCH-M2XCH-EMC-TAE0000039_3-1.pdf\" target=\"_blank\" rel=\"noopener\">DNV certificate<\/a><\/p>\n<\/div>\n\t\t\t\t<\/div>\n\t\t\t\t\t\t\t\t<\/div>\n\t\t\t\t\t\t<\/div>\n\t\t\t\t<\/div>\n\t\t\t\t\t<\/div>\n\t\t<\/div>\n\t\t\t\t\t<\/div>\n\t\t<\/section>\n\t\t\t\t<\/div>\n\t\t","protected":false},"featured_media":16687,"template":"elementor_theme","meta":{"_acf_changed":false},"product_cat":[527,530],"class_list":["post-18235","product","type-product","status-publish","has-post-thumbnail","hentry","product_cat-cables","product_cat-power-cables-06-1kv"],"acf":{"photo_gallery":{"galeria_zdjec":[[]]}},"yoast_head":"<!-- This site is optimized with the Yoast SEO plugin v26.4 - https:\/\/yoast.com\/wordpress\/plugins\/seo\/ -->\n<title>Armored Power Cable - Elektryka Morska<\/title>\n<meta name=\"robots\" content=\"index, follow, max-snippet:-1, max-image-preview:large, max-video-preview:-1\" \/>\n<link rel=\"canonical\" href=\"https:\/\/www.elektrykamorska.pl\/en\/products-en\/armored-power-cable\/\" \/>\n<meta property=\"og:locale\" content=\"en_US\" \/>\n<meta property=\"og:type\" content=\"article\" \/>\n<meta property=\"og:title\" content=\"Armored Power Cable - Elektryka Morska\" \/>\n<meta property=\"og:description\" content=\"Bezhalogenowe kable zasilaj\u0105ce niskiego napi\u0119cia do zasilania i o\u015bwietlenia we wszystkich obszarach na statku.\" \/>\n<meta property=\"og:url\" content=\"https:\/\/www.elektrykamorska.pl\/en\/products-en\/armored-power-cable\/\" \/>\n<meta property=\"og:site_name\" content=\"Elektryka Morska\" \/>\n<meta property=\"article:publisher\" content=\"https:\/\/www.facebook.com\/ElektrykaMorska\/\" \/>\n<meta property=\"article:modified_time\" content=\"2025-11-20T09:15:39+00:00\" \/>\n<meta property=\"og:image\" content=\"https:\/\/www.elektrykamorska.pl\/wp-content\/uploads\/2019\/06\/Kabel-Zasilajacy-Ekranowany.jpg\" \/>\n\t<meta property=\"og:image:width\" content=\"400\" \/>\n\t<meta property=\"og:image:height\" content=\"400\" \/>\n\t<meta property=\"og:image:type\" content=\"image\/jpeg\" \/>\n<meta name=\"twitter:card\" content=\"summary_large_image\" \/>\n<script type=\"application\/ld+json\" class=\"yoast-schema-graph\">{\"@context\":\"https:\/\/schema.org\",\"@graph\":[{\"@type\":\"WebPage\",\"@id\":\"https:\/\/www.elektrykamorska.pl\/en\/products-en\/armored-power-cable\/\",\"url\":\"https:\/\/www.elektrykamorska.pl\/en\/products-en\/armored-power-cable\/\",\"name\":\"Armored Power Cable - Elektryka Morska\",\"isPartOf\":{\"@id\":\"https:\/\/www.elektrykamorska.pl\/en\/#website\"},\"primaryImageOfPage\":{\"@id\":\"https:\/\/www.elektrykamorska.pl\/en\/products-en\/armored-power-cable\/#primaryimage\"},\"image\":{\"@id\":\"https:\/\/www.elektrykamorska.pl\/en\/products-en\/armored-power-cable\/#primaryimage\"},\"thumbnailUrl\":\"https:\/\/www.elektrykamorska.pl\/wp-content\/uploads\/2019\/06\/Kabel-Zasilajacy-Ekranowany.jpg\",\"datePublished\":\"2019-06-20T12:54:00+00:00\",\"dateModified\":\"2025-11-20T09:15:39+00:00\",\"breadcrumb\":{\"@id\":\"https:\/\/www.elektrykamorska.pl\/en\/products-en\/armored-power-cable\/#breadcrumb\"},\"inLanguage\":\"en-US\",\"potentialAction\":[{\"@type\":\"ReadAction\",\"target\":[\"https:\/\/www.elektrykamorska.pl\/en\/products-en\/armored-power-cable\/\"]}]},{\"@type\":\"ImageObject\",\"inLanguage\":\"en-US\",\"@id\":\"https:\/\/www.elektrykamorska.pl\/en\/products-en\/armored-power-cable\/#primaryimage\",\"url\":\"https:\/\/www.elektrykamorska.pl\/wp-content\/uploads\/2019\/06\/Kabel-Zasilajacy-Ekranowany.jpg\",\"contentUrl\":\"https:\/\/www.elektrykamorska.pl\/wp-content\/uploads\/2019\/06\/Kabel-Zasilajacy-Ekranowany.jpg\",\"width\":400,\"height\":400},{\"@type\":\"BreadcrumbList\",\"@id\":\"https:\/\/www.elektrykamorska.pl\/en\/products-en\/armored-power-cable\/#breadcrumb\",\"itemListElement\":[{\"@type\":\"ListItem\",\"position\":1,\"name\":\"Homepage\",\"item\":\"https:\/\/www.elektrykamorska.pl\/en\/\"},{\"@type\":\"ListItem\",\"position\":2,\"name\":\"Products\",\"item\":\"https:\/\/www.elektrykamorska.pl\/en\/produkty\/\"},{\"@type\":\"ListItem\",\"position\":3,\"name\":\"Cables\",\"item\":\"https:\/\/www.elektrykamorska.pl\/en\/kategoria-produktu\/cables\/\"},{\"@type\":\"ListItem\",\"position\":4,\"name\":\"Power Cables 06\/1kV\",\"item\":\"https:\/\/www.elektrykamorska.pl\/en\/kategoria-produktu\/power-cables-06-1kv\/\"},{\"@type\":\"ListItem\",\"position\":5,\"name\":\"Armored Power Cable\"}]},{\"@type\":\"WebSite\",\"@id\":\"https:\/\/www.elektrykamorska.pl\/en\/#website\",\"url\":\"https:\/\/www.elektrykamorska.pl\/en\/\",\"name\":\"Elektryka Morska\",\"description\":\"Empowering Green Future\",\"potentialAction\":[{\"@type\":\"SearchAction\",\"target\":{\"@type\":\"EntryPoint\",\"urlTemplate\":\"https:\/\/www.elektrykamorska.pl\/en\/?s={search_term_string}\"},\"query-input\":{\"@type\":\"PropertyValueSpecification\",\"valueRequired\":true,\"valueName\":\"search_term_string\"}}],\"inLanguage\":\"en-US\"}]}<\/script>\n<!-- \/ Yoast SEO plugin. -->","yoast_head_json":{"title":"Armored Power Cable - Elektryka Morska","robots":{"index":"index","follow":"follow","max-snippet":"max-snippet:-1","max-image-preview":"max-image-preview:large","max-video-preview":"max-video-preview:-1"},"canonical":"https:\/\/www.elektrykamorska.pl\/en\/products-en\/armored-power-cable\/","og_locale":"en_US","og_type":"article","og_title":"Armored Power Cable - Elektryka Morska","og_description":"Bezhalogenowe kable zasilaj\u0105ce niskiego napi\u0119cia do zasilania i o\u015bwietlenia we wszystkich obszarach na statku.","og_url":"https:\/\/www.elektrykamorska.pl\/en\/products-en\/armored-power-cable\/","og_site_name":"Elektryka Morska","article_publisher":"https:\/\/www.facebook.com\/ElektrykaMorska\/","article_modified_time":"2025-11-20T09:15:39+00:00","og_image":[{"width":400,"height":400,"url":"https:\/\/www.elektrykamorska.pl\/wp-content\/uploads\/2019\/06\/Kabel-Zasilajacy-Ekranowany.jpg","type":"image\/jpeg"}],"twitter_card":"summary_large_image","schema":{"@context":"https:\/\/schema.org","@graph":[{"@type":"WebPage","@id":"https:\/\/www.elektrykamorska.pl\/en\/products-en\/armored-power-cable\/","url":"https:\/\/www.elektrykamorska.pl\/en\/products-en\/armored-power-cable\/","name":"Armored Power Cable - Elektryka Morska","isPartOf":{"@id":"https:\/\/www.elektrykamorska.pl\/en\/#website"},"primaryImageOfPage":{"@id":"https:\/\/www.elektrykamorska.pl\/en\/products-en\/armored-power-cable\/#primaryimage"},"image":{"@id":"https:\/\/www.elektrykamorska.pl\/en\/products-en\/armored-power-cable\/#primaryimage"},"thumbnailUrl":"https:\/\/www.elektrykamorska.pl\/wp-content\/uploads\/2019\/06\/Kabel-Zasilajacy-Ekranowany.jpg","datePublished":"2019-06-20T12:54:00+00:00","dateModified":"2025-11-20T09:15:39+00:00","breadcrumb":{"@id":"https:\/\/www.elektrykamorska.pl\/en\/products-en\/armored-power-cable\/#breadcrumb"},"inLanguage":"en-US","potentialAction":[{"@type":"ReadAction","target":["https:\/\/www.elektrykamorska.pl\/en\/products-en\/armored-power-cable\/"]}]},{"@type":"ImageObject","inLanguage":"en-US","@id":"https:\/\/www.elektrykamorska.pl\/en\/products-en\/armored-power-cable\/#primaryimage","url":"https:\/\/www.elektrykamorska.pl\/wp-content\/uploads\/2019\/06\/Kabel-Zasilajacy-Ekranowany.jpg","contentUrl":"https:\/\/www.elektrykamorska.pl\/wp-content\/uploads\/2019\/06\/Kabel-Zasilajacy-Ekranowany.jpg","width":400,"height":400},{"@type":"BreadcrumbList","@id":"https:\/\/www.elektrykamorska.pl\/en\/products-en\/armored-power-cable\/#breadcrumb","itemListElement":[{"@type":"ListItem","position":1,"name":"Homepage","item":"https:\/\/www.elektrykamorska.pl\/en\/"},{"@type":"ListItem","position":2,"name":"Products","item":"https:\/\/www.elektrykamorska.pl\/en\/produkty\/"},{"@type":"ListItem","position":3,"name":"Cables","item":"https:\/\/www.elektrykamorska.pl\/en\/kategoria-produktu\/cables\/"},{"@type":"ListItem","position":4,"name":"Power Cables 06\/1kV","item":"https:\/\/www.elektrykamorska.pl\/en\/kategoria-produktu\/power-cables-06-1kv\/"},{"@type":"ListItem","position":5,"name":"Armored Power Cable"}]},{"@type":"WebSite","@id":"https:\/\/www.elektrykamorska.pl\/en\/#website","url":"https:\/\/www.elektrykamorska.pl\/en\/","name":"Elektryka Morska","description":"Empowering Green Future","potentialAction":[{"@type":"SearchAction","target":{"@type":"EntryPoint","urlTemplate":"https:\/\/www.elektrykamorska.pl\/en\/?s={search_term_string}"},"query-input":{"@type":"PropertyValueSpecification","valueRequired":true,"valueName":"search_term_string"}}],"inLanguage":"en-US"}]}},"_links":{"self":[{"href":"https:\/\/www.elektrykamorska.pl\/en\/wp-json\/wp\/v2\/product\/18235","targetHints":{"allow":["GET"]}}],"collection":[{"href":"https:\/\/www.elektrykamorska.pl\/en\/wp-json\/wp\/v2\/product"}],"about":[{"href":"https:\/\/www.elektrykamorska.pl\/en\/wp-json\/wp\/v2\/types\/product"}],"version-history":[{"count":2,"href":"https:\/\/www.elektrykamorska.pl\/en\/wp-json\/wp\/v2\/product\/18235\/revisions"}],"predecessor-version":[{"id":18348,"href":"https:\/\/www.elektrykamorska.pl\/en\/wp-json\/wp\/v2\/product\/18235\/revisions\/18348"}],"wp:featuredmedia":[{"embeddable":true,"href":"https:\/\/www.elektrykamorska.pl\/en\/wp-json\/wp\/v2\/media\/16687"}],"wp:attachment":[{"href":"https:\/\/www.elektrykamorska.pl\/en\/wp-json\/wp\/v2\/media?parent=18235"}],"wp:term":[{"taxonomy":"product_cat","embeddable":true,"href":"https:\/\/www.elektrykamorska.pl\/en\/wp-json\/wp\/v2\/product_cat?post=18235"}],"curies":[{"name":"wp","href":"https:\/\/api.w.org\/{rel}","templated":true}]}}