{"id":18232,"date":"2019-06-21T15:22:39","date_gmt":"2019-06-21T13:22:39","guid":{"rendered":"https:\/\/www.elektrykamorska.pl\/produkt\/naswietlacz-zd2\/"},"modified":"2025-11-20T10:24:39","modified_gmt":"2025-11-20T09:24:39","slug":"floodlight-zd2-1000w","status":"publish","type":"product","link":"https:\/\/www.elektrykamorska.pl\/en\/products-en\/floodlight-zd2-1000w\/","title":{"rendered":"Floodlight ZD2 1000W<br> <br>"},"content":{"rendered":"\t\t<div data-elementor-type=\"wp-post\" data-elementor-id=\"18232\" class=\"elementor elementor-18232 elementor-8140\" data-elementor-post-type=\"product\">\n\t\t\t\t<div class=\"elementor-element elementor-element-aab03c3 e-flex e-con-boxed e-con e-parent\" data-id=\"aab03c3\" data-element_type=\"container\">\n\t\t\t\t\t<div class=\"e-con-inner\">\n\t\t\t\t<div class=\"elementor-element elementor-element-0b0da25 elementor-widget elementor-widget-text-editor\" data-id=\"0b0da25\" data-element_type=\"widget\" data-widget_type=\"text-editor.default\">\n\t\t\t\t<div class=\"elementor-widget-container\">\n\t\t\t\t\t\t\t\t\t<h2>Floodlight ZD2<br> <br><\/h2><p>Na\u015bwietlacz nierdzewny do lamp halogenowych max 1000w.<\/p><p><strong>Przeznaczenie<\/strong><\/p><p>Przeznaczona do o\u015bwietlenia si\u0142owni, \u0142adowni i pok\u0142ad\u00f3w otwartych.<\/p>\t\t\t\t\t\t\t\t<\/div>\n\t\t\t\t<\/div>\n\t\t<div class=\"elementor-element elementor-element-aeb606d e-con-full e-flex e-con e-child\" data-id=\"aeb606d\" data-element_type=\"container\">\n\t\t<div class=\"elementor-element elementor-element-dfaa7e3 e-con-full e-flex e-con e-child\" data-id=\"dfaa7e3\" data-element_type=\"container\">\n\t\t\t\t<div class=\"elementor-element elementor-element-1d1d471 elementor-widget elementor-widget-text-editor\" data-id=\"1d1d471\" data-element_type=\"widget\" data-widget_type=\"text-editor.default\">\n\t\t\t\t<div class=\"elementor-widget-container\">\n\t\t\t\t\t\t\t\t\t<h6><strong>Dane Techniczne<\/strong><\/h6><ul><li>Stopie\u0144 Ochrony: IP 67<\/li><li>Lampa halogenowa 750\/1000 W<\/li><li>Podstawa lampy: R7s<\/li><\/ul>\t\t\t\t\t\t\t\t<\/div>\n\t\t\t\t<\/div>\n\t\t\t\t<\/div>\n\t\t<div class=\"elementor-element elementor-element-4a08289 e-con-full e-flex e-con e-child\" data-id=\"4a08289\" data-element_type=\"container\">\n\t\t\t\t<div class=\"elementor-element elementor-element-38ba708 elementor-widget elementor-widget-text-editor\" data-id=\"38ba708\" data-element_type=\"widget\" data-widget_type=\"text-editor.default\">\n\t\t\t\t<div class=\"elementor-widget-container\">\n\t\t\t\t\t\t\t\t\t<h6><strong>Budowa<\/strong><\/h6><ul><li>Obudowa: stal nierdzewna<\/li><li>Wyko\u0144czenie: lakierowane proszkowo &#8211; Bialy<\/li><li>Klosz: Szk\u0142o<\/li><li>Wej\u015bcie kablowe: d\u0142awik<\/li><\/ul>\t\t\t\t\t\t\t\t<\/div>\n\t\t\t\t<\/div>\n\t\t\t\t<\/div>\n\t\t\t\t<\/div>\n\t\t\t\t<div class=\"elementor-element elementor-element-48e74a5 elementor-align-left elementor-widget elementor-widget-button\" data-id=\"48e74a5\" data-element_type=\"widget\" data-widget_type=\"button.default\">\n\t\t\t\t<div class=\"elementor-widget-container\">\n\t\t\t\t\t\t\t\t\t<div class=\"elementor-button-wrapper\">\n\t\t\t\t\t<a class=\"elementor-button elementor-button-link elementor-size-sm\" href=\"http:\/\/www.elektrykamorska.pl\/wp-content\/uploads\/2019\/06\/zd2new.pdf\">\n\t\t\t\t\t\t<span class=\"elementor-button-content-wrapper\">\n\t\t\t\t\t\t\t\t\t<span class=\"elementor-button-text\">POBIERZ KART\u0118 KATALOGOW\u0104<\/span>\n\t\t\t\t\t<\/span>\n\t\t\t\t\t<\/a>\n\t\t\t\t<\/div>\n\t\t\t\t\t\t\t\t<\/div>\n\t\t\t\t<\/div>\n\t\t\t\t\t<\/div>\n\t\t\t\t<\/div>\n\t\t\t\t<\/div>\n\t\t","protected":false},"featured_media":16757,"template":"elementor_theme","meta":{"_acf_changed":false},"product_cat":[525,520],"class_list":["post-18232","product","type-product","status-publish","has-post-thumbnail","hentry","product_cat-floodlights","product_cat-lighting"],"acf":{"photo_gallery":{"galeria_zdjec":[[]]}},"yoast_head":"<!-- This site is optimized with the Yoast SEO plugin v26.4 - https:\/\/yoast.com\/wordpress\/plugins\/seo\/ -->\n<title>Floodlight ZD2 1000W  - Elektryka Morska<\/title>\n<meta name=\"robots\" content=\"index, follow, max-snippet:-1, max-image-preview:large, max-video-preview:-1\" \/>\n<link rel=\"canonical\" href=\"https:\/\/www.elektrykamorska.pl\/en\/products-en\/floodlight-zd2-1000w\/\" \/>\n<meta property=\"og:locale\" content=\"en_US\" \/>\n<meta property=\"og:type\" content=\"article\" \/>\n<meta property=\"og:title\" content=\"Floodlight ZD2 1000W  - Elektryka Morska\" \/>\n<meta property=\"og:description\" content=\"Na\u015bwietlacz nierdzewny do lamp halogenowych max 1000W.\" \/>\n<meta property=\"og:url\" content=\"https:\/\/www.elektrykamorska.pl\/en\/products-en\/floodlight-zd2-1000w\/\" \/>\n<meta property=\"og:site_name\" content=\"Elektryka Morska\" \/>\n<meta property=\"article:publisher\" content=\"https:\/\/www.facebook.com\/ElektrykaMorska\/\" \/>\n<meta property=\"article:modified_time\" content=\"2025-11-20T09:24:39+00:00\" \/>\n<meta property=\"og:image\" content=\"https:\/\/www.elektrykamorska.pl\/wp-content\/uploads\/2019\/06\/Naswietlacz-ZD2.jpg\" \/>\n\t<meta property=\"og:image:width\" content=\"400\" \/>\n\t<meta property=\"og:image:height\" content=\"400\" \/>\n\t<meta property=\"og:image:type\" content=\"image\/jpeg\" \/>\n<meta name=\"twitter:card\" content=\"summary_large_image\" \/>\n<script type=\"application\/ld+json\" class=\"yoast-schema-graph\">{\"@context\":\"https:\/\/schema.org\",\"@graph\":[{\"@type\":\"WebPage\",\"@id\":\"https:\/\/www.elektrykamorska.pl\/en\/products-en\/floodlight-zd2-1000w\/\",\"url\":\"https:\/\/www.elektrykamorska.pl\/en\/products-en\/floodlight-zd2-1000w\/\",\"name\":\"Floodlight ZD2 1000W - Elektryka Morska\",\"isPartOf\":{\"@id\":\"https:\/\/www.elektrykamorska.pl\/en\/#website\"},\"primaryImageOfPage\":{\"@id\":\"https:\/\/www.elektrykamorska.pl\/en\/products-en\/floodlight-zd2-1000w\/#primaryimage\"},\"image\":{\"@id\":\"https:\/\/www.elektrykamorska.pl\/en\/products-en\/floodlight-zd2-1000w\/#primaryimage\"},\"thumbnailUrl\":\"https:\/\/www.elektrykamorska.pl\/wp-content\/uploads\/2019\/06\/Naswietlacz-ZD2.jpg\",\"datePublished\":\"2019-06-21T13:22:39+00:00\",\"dateModified\":\"2025-11-20T09:24:39+00:00\",\"breadcrumb\":{\"@id\":\"https:\/\/www.elektrykamorska.pl\/en\/products-en\/floodlight-zd2-1000w\/#breadcrumb\"},\"inLanguage\":\"en-US\",\"potentialAction\":[{\"@type\":\"ReadAction\",\"target\":[\"https:\/\/www.elektrykamorska.pl\/en\/products-en\/floodlight-zd2-1000w\/\"]}]},{\"@type\":\"ImageObject\",\"inLanguage\":\"en-US\",\"@id\":\"https:\/\/www.elektrykamorska.pl\/en\/products-en\/floodlight-zd2-1000w\/#primaryimage\",\"url\":\"https:\/\/www.elektrykamorska.pl\/wp-content\/uploads\/2019\/06\/Naswietlacz-ZD2.jpg\",\"contentUrl\":\"https:\/\/www.elektrykamorska.pl\/wp-content\/uploads\/2019\/06\/Naswietlacz-ZD2.jpg\",\"width\":400,\"height\":400},{\"@type\":\"BreadcrumbList\",\"@id\":\"https:\/\/www.elektrykamorska.pl\/en\/products-en\/floodlight-zd2-1000w\/#breadcrumb\",\"itemListElement\":[{\"@type\":\"ListItem\",\"position\":1,\"name\":\"Homepage\",\"item\":\"https:\/\/www.elektrykamorska.pl\/en\/\"},{\"@type\":\"ListItem\",\"position\":2,\"name\":\"Products\",\"item\":\"https:\/\/www.elektrykamorska.pl\/en\/produkty\/\"},{\"@type\":\"ListItem\",\"position\":3,\"name\":\"Lighting\",\"item\":\"https:\/\/www.elektrykamorska.pl\/en\/kategoria-produktu\/lighting\/\"},{\"@type\":\"ListItem\",\"position\":4,\"name\":\"Floodlights\",\"item\":\"https:\/\/www.elektrykamorska.pl\/en\/kategoria-produktu\/floodlights\/\"},{\"@type\":\"ListItem\",\"position\":5,\"name\":\"Floodlight ZD2 1000W\"}]},{\"@type\":\"WebSite\",\"@id\":\"https:\/\/www.elektrykamorska.pl\/en\/#website\",\"url\":\"https:\/\/www.elektrykamorska.pl\/en\/\",\"name\":\"Elektryka Morska\",\"description\":\"Empowering Green Future\",\"potentialAction\":[{\"@type\":\"SearchAction\",\"target\":{\"@type\":\"EntryPoint\",\"urlTemplate\":\"https:\/\/www.elektrykamorska.pl\/en\/?s={search_term_string}\"},\"query-input\":{\"@type\":\"PropertyValueSpecification\",\"valueRequired\":true,\"valueName\":\"search_term_string\"}}],\"inLanguage\":\"en-US\"}]}<\/script>\n<!-- \/ Yoast SEO plugin. -->","yoast_head_json":{"title":"Floodlight ZD2 1000W  - Elektryka Morska","robots":{"index":"index","follow":"follow","max-snippet":"max-snippet:-1","max-image-preview":"max-image-preview:large","max-video-preview":"max-video-preview:-1"},"canonical":"https:\/\/www.elektrykamorska.pl\/en\/products-en\/floodlight-zd2-1000w\/","og_locale":"en_US","og_type":"article","og_title":"Floodlight ZD2 1000W  - Elektryka Morska","og_description":"Na\u015bwietlacz nierdzewny do lamp halogenowych max 1000W.","og_url":"https:\/\/www.elektrykamorska.pl\/en\/products-en\/floodlight-zd2-1000w\/","og_site_name":"Elektryka Morska","article_publisher":"https:\/\/www.facebook.com\/ElektrykaMorska\/","article_modified_time":"2025-11-20T09:24:39+00:00","og_image":[{"width":400,"height":400,"url":"https:\/\/www.elektrykamorska.pl\/wp-content\/uploads\/2019\/06\/Naswietlacz-ZD2.jpg","type":"image\/jpeg"}],"twitter_card":"summary_large_image","schema":{"@context":"https:\/\/schema.org","@graph":[{"@type":"WebPage","@id":"https:\/\/www.elektrykamorska.pl\/en\/products-en\/floodlight-zd2-1000w\/","url":"https:\/\/www.elektrykamorska.pl\/en\/products-en\/floodlight-zd2-1000w\/","name":"Floodlight ZD2 1000W - Elektryka Morska","isPartOf":{"@id":"https:\/\/www.elektrykamorska.pl\/en\/#website"},"primaryImageOfPage":{"@id":"https:\/\/www.elektrykamorska.pl\/en\/products-en\/floodlight-zd2-1000w\/#primaryimage"},"image":{"@id":"https:\/\/www.elektrykamorska.pl\/en\/products-en\/floodlight-zd2-1000w\/#primaryimage"},"thumbnailUrl":"https:\/\/www.elektrykamorska.pl\/wp-content\/uploads\/2019\/06\/Naswietlacz-ZD2.jpg","datePublished":"2019-06-21T13:22:39+00:00","dateModified":"2025-11-20T09:24:39+00:00","breadcrumb":{"@id":"https:\/\/www.elektrykamorska.pl\/en\/products-en\/floodlight-zd2-1000w\/#breadcrumb"},"inLanguage":"en-US","potentialAction":[{"@type":"ReadAction","target":["https:\/\/www.elektrykamorska.pl\/en\/products-en\/floodlight-zd2-1000w\/"]}]},{"@type":"ImageObject","inLanguage":"en-US","@id":"https:\/\/www.elektrykamorska.pl\/en\/products-en\/floodlight-zd2-1000w\/#primaryimage","url":"https:\/\/www.elektrykamorska.pl\/wp-content\/uploads\/2019\/06\/Naswietlacz-ZD2.jpg","contentUrl":"https:\/\/www.elektrykamorska.pl\/wp-content\/uploads\/2019\/06\/Naswietlacz-ZD2.jpg","width":400,"height":400},{"@type":"BreadcrumbList","@id":"https:\/\/www.elektrykamorska.pl\/en\/products-en\/floodlight-zd2-1000w\/#breadcrumb","itemListElement":[{"@type":"ListItem","position":1,"name":"Homepage","item":"https:\/\/www.elektrykamorska.pl\/en\/"},{"@type":"ListItem","position":2,"name":"Products","item":"https:\/\/www.elektrykamorska.pl\/en\/produkty\/"},{"@type":"ListItem","position":3,"name":"Lighting","item":"https:\/\/www.elektrykamorska.pl\/en\/kategoria-produktu\/lighting\/"},{"@type":"ListItem","position":4,"name":"Floodlights","item":"https:\/\/www.elektrykamorska.pl\/en\/kategoria-produktu\/floodlights\/"},{"@type":"ListItem","position":5,"name":"Floodlight ZD2 1000W"}]},{"@type":"WebSite","@id":"https:\/\/www.elektrykamorska.pl\/en\/#website","url":"https:\/\/www.elektrykamorska.pl\/en\/","name":"Elektryka Morska","description":"Empowering Green Future","potentialAction":[{"@type":"SearchAction","target":{"@type":"EntryPoint","urlTemplate":"https:\/\/www.elektrykamorska.pl\/en\/?s={search_term_string}"},"query-input":{"@type":"PropertyValueSpecification","valueRequired":true,"valueName":"search_term_string"}}],"inLanguage":"en-US"}]}},"_links":{"self":[{"href":"https:\/\/www.elektrykamorska.pl\/en\/wp-json\/wp\/v2\/product\/18232","targetHints":{"allow":["GET"]}}],"collection":[{"href":"https:\/\/www.elektrykamorska.pl\/en\/wp-json\/wp\/v2\/product"}],"about":[{"href":"https:\/\/www.elektrykamorska.pl\/en\/wp-json\/wp\/v2\/types\/product"}],"version-history":[{"count":2,"href":"https:\/\/www.elektrykamorska.pl\/en\/wp-json\/wp\/v2\/product\/18232\/revisions"}],"predecessor-version":[{"id":18362,"href":"https:\/\/www.elektrykamorska.pl\/en\/wp-json\/wp\/v2\/product\/18232\/revisions\/18362"}],"wp:featuredmedia":[{"embeddable":true,"href":"https:\/\/www.elektrykamorska.pl\/en\/wp-json\/wp\/v2\/media\/16757"}],"wp:attachment":[{"href":"https:\/\/www.elektrykamorska.pl\/en\/wp-json\/wp\/v2\/media?parent=18232"}],"wp:term":[{"taxonomy":"product_cat","embeddable":true,"href":"https:\/\/www.elektrykamorska.pl\/en\/wp-json\/wp\/v2\/product_cat?post=18232"}],"curies":[{"name":"wp","href":"https:\/\/api.w.org\/{rel}","templated":true}]}}