{"id":18214,"date":"2024-11-18T15:23:42","date_gmt":"2024-11-18T14:23:42","guid":{"rendered":"https:\/\/www.elektrykamorska.pl\/produkt\/system-zarzadzania-praca-elektrowni-okretowej-pms\/"},"modified":"2025-12-02T12:30:53","modified_gmt":"2025-12-02T11:30:53","slug":"system-zarzadzania-praca-elektrowni-okretowej-pms","status":"publish","type":"product","link":"https:\/\/www.elektrykamorska.pl\/en\/products-en\/system-zarzadzania-praca-elektrowni-okretowej-pms\/","title":{"rendered":"System zarz\u0105dzania prac\u0105 elektrowni okr\u0119towej (PMS)"},"content":{"rendered":"\t\t<div data-elementor-type=\"wp-post\" data-elementor-id=\"18214\" class=\"elementor elementor-18214 elementor-15303\" data-elementor-post-type=\"product\">\n\t\t\t\t<div class=\"elementor-element elementor-element-c0db2f0 e-flex e-con-boxed e-con e-parent\" data-id=\"c0db2f0\" data-element_type=\"container\">\n\t\t\t\t\t<div class=\"e-con-inner\">\n\t\t\t\t<div class=\"elementor-element elementor-element-cb14a63 elementor-widget elementor-widget-text-editor\" data-id=\"cb14a63\" data-element_type=\"widget\" data-widget_type=\"text-editor.default\">\n\t\t\t\t<div class=\"elementor-widget-container\">\n\t\t\t\t\t\t\t\t\t<p>Nasz System zarz\u0105dzania prac\u0105 elektrowni okr\u0119towej (PMS) to zaawansowane rozwi\u0105zanie, kt\u00f3re umo\u017cliwia optymalizacj\u0119 pracy ca\u0142ego uk\u0142adu energetycznego jednostki p\u0142ywaj\u0105cej. Dzi\u0119ki niemu mo\u017cliwe jest efektywne monitorowanie i kontrolowanie wszystkich kluczowych parametr\u00f3w elektrowni, takich jak wydajno\u015b\u0107 generator\u00f3w, zu\u017cycie paliwa, temperatura, ci\u015bnienie czy poziom na\u0142adowania akumulator\u00f3w.<\/p><p>System PMS zapewnia ci\u0105g\u0142y nadz\u00f3r nad prac\u0105 \u017ar\u00f3de\u0142 energii, automatycznie dostosowuj\u0105c ilo\u015b\u0107 i wielko\u015b\u0107 tych \u017ar\u00f3de\u0142 do zmieniaj\u0105cych si\u0119 warunk\u00f3w operacyjnych, co prowadzi do zmniejszenia zu\u017cycia energii i obni\u017cenia koszt\u00f3w eksploatacyjnych. Dzi\u0119ki zaawansowanej technologii monitorowania i diagnostyki, system pozwala na wczesne wykrywanie potencjalnych problem\u00f3w i optymalizacj\u0119 dzia\u0142ania elektrowni, co przek\u0142ada si\u0119 na zwi\u0119kszenie niezawodno\u015bci i bezpiecze\u0144stwa jednostki p\u0142ywaj\u0105cej.\u00a0<\/p><p>Nasze rozwi\u0105zanie jest w pe\u0142ni zintegrowane z innymi systemami okr\u0119towymi, co zapewnia \u0142atwo\u015b\u0107 w zarz\u0105dzaniu ca\u0142\u0105 elektrowni\u0105. System PMS jest elastyczny i skalowalny, co pozwala na jego dostosowanie do specyficznych potrzeb i wymaga\u0144 r\u00f3\u017cnych typ\u00f3w jednostek p\u0142ywaj\u0105cych.<\/p><p>Zach\u0119camy do kontaktu &#8211; nasi specjali\u015bci z przyjemno\u015bci\u0105 przedstawi\u0105 szczeg\u00f3\u0142y dotycz\u0105ce implementacji oraz korzy\u015bci, jakie przynosi w zakresie optymalizacji koszt\u00f3w i poprawy efektywno\u015bci energetycznej na pok\u0142adzie Twojej jednostki.<\/p>\t\t\t\t\t\t\t\t<\/div>\n\t\t\t\t<\/div>\n\t\t\t\t\t<\/div>\n\t\t\t\t<\/div>\n\t\t\t\t<\/div>\n\t\t","protected":false},"featured_media":17314,"template":"elementor_theme","meta":{"_acf_changed":false},"product_cat":[538],"class_list":["post-18214","product","type-product","status-publish","has-post-thumbnail","hentry","product_cat-systemy"],"acf":{"photo_gallery":{"galeria_zdjec":[[]]}},"yoast_head":"<!-- This site is optimized with the Yoast SEO plugin v26.4 - https:\/\/yoast.com\/wordpress\/plugins\/seo\/ -->\n<title>System zarz\u0105dzania prac\u0105 elektrowni okr\u0119towej (PMS) - Elektryka Morska<\/title>\n<meta name=\"robots\" content=\"index, follow, max-snippet:-1, max-image-preview:large, max-video-preview:-1\" \/>\n<link rel=\"canonical\" href=\"https:\/\/www.elektrykamorska.pl\/en\/products-en\/system-zarzadzania-praca-elektrowni-okretowej-pms\/\" \/>\n<meta property=\"og:locale\" content=\"en_US\" \/>\n<meta property=\"og:type\" content=\"article\" \/>\n<meta property=\"og:title\" content=\"System zarz\u0105dzania prac\u0105 elektrowni okr\u0119towej (PMS) - Elektryka Morska\" \/>\n<meta property=\"og:description\" content=\"Nasz System zarz\u0105dzania prac\u0105 elektrowni okr\u0119towej (PMS) to zaawansowane rozwi\u0105zanie, kt\u00f3re umo\u017cliwia optymalizacj\u0119 pracy ca\u0142ego uk\u0142adu energetycznego jednostki p\u0142ywaj\u0105cej. Dzi\u0119ki niemu mo\u017cliwe jest efektywne monitorowanie i kontrolowanie wszystkich kluczowych parametr\u00f3w elektrowni, takich jak wydajno\u015b\u0107 generator\u00f3w, zu\u017cycie paliwa, temperatura, ci\u015bnienie czy poziom na\u0142adowania akumulator\u00f3w. System PMS zapewnia ci\u0105g\u0142y nadz\u00f3r nad prac\u0105 \u017ar\u00f3de\u0142 energii, automatycznie dostosowuj\u0105c ilo\u015b\u0107 [&hellip;]\" \/>\n<meta property=\"og:url\" content=\"https:\/\/www.elektrykamorska.pl\/en\/products-en\/system-zarzadzania-praca-elektrowni-okretowej-pms\/\" \/>\n<meta property=\"og:site_name\" content=\"Elektryka Morska\" \/>\n<meta property=\"article:publisher\" content=\"https:\/\/www.facebook.com\/ElektrykaMorska\/\" \/>\n<meta property=\"article:modified_time\" content=\"2025-12-02T11:30:53+00:00\" \/>\n<meta property=\"og:image\" content=\"https:\/\/www.elektrykamorska.pl\/wp-content\/uploads\/2024\/11\/pms.jpg\" \/>\n\t<meta property=\"og:image:width\" content=\"1386\" \/>\n\t<meta property=\"og:image:height\" content=\"850\" \/>\n\t<meta property=\"og:image:type\" content=\"image\/jpeg\" \/>\n<meta name=\"twitter:card\" content=\"summary_large_image\" \/>\n<meta name=\"twitter:label1\" content=\"Est. reading time\" \/>\n\t<meta name=\"twitter:data1\" content=\"1 minute\" \/>\n<script type=\"application\/ld+json\" class=\"yoast-schema-graph\">{\"@context\":\"https:\/\/schema.org\",\"@graph\":[{\"@type\":\"WebPage\",\"@id\":\"https:\/\/www.elektrykamorska.pl\/en\/products-en\/system-zarzadzania-praca-elektrowni-okretowej-pms\/\",\"url\":\"https:\/\/www.elektrykamorska.pl\/en\/products-en\/system-zarzadzania-praca-elektrowni-okretowej-pms\/\",\"name\":\"System zarz\u0105dzania prac\u0105 elektrowni okr\u0119towej (PMS) - Elektryka Morska\",\"isPartOf\":{\"@id\":\"https:\/\/www.elektrykamorska.pl\/en\/#website\"},\"primaryImageOfPage\":{\"@id\":\"https:\/\/www.elektrykamorska.pl\/en\/products-en\/system-zarzadzania-praca-elektrowni-okretowej-pms\/#primaryimage\"},\"image\":{\"@id\":\"https:\/\/www.elektrykamorska.pl\/en\/products-en\/system-zarzadzania-praca-elektrowni-okretowej-pms\/#primaryimage\"},\"thumbnailUrl\":\"https:\/\/www.elektrykamorska.pl\/wp-content\/uploads\/2024\/11\/pms.jpg\",\"datePublished\":\"2024-11-18T14:23:42+00:00\",\"dateModified\":\"2025-12-02T11:30:53+00:00\",\"breadcrumb\":{\"@id\":\"https:\/\/www.elektrykamorska.pl\/en\/products-en\/system-zarzadzania-praca-elektrowni-okretowej-pms\/#breadcrumb\"},\"inLanguage\":\"en-US\",\"potentialAction\":[{\"@type\":\"ReadAction\",\"target\":[\"https:\/\/www.elektrykamorska.pl\/en\/products-en\/system-zarzadzania-praca-elektrowni-okretowej-pms\/\"]}]},{\"@type\":\"ImageObject\",\"inLanguage\":\"en-US\",\"@id\":\"https:\/\/www.elektrykamorska.pl\/en\/products-en\/system-zarzadzania-praca-elektrowni-okretowej-pms\/#primaryimage\",\"url\":\"https:\/\/www.elektrykamorska.pl\/wp-content\/uploads\/2024\/11\/pms.jpg\",\"contentUrl\":\"https:\/\/www.elektrykamorska.pl\/wp-content\/uploads\/2024\/11\/pms.jpg\",\"width\":1386,\"height\":850},{\"@type\":\"BreadcrumbList\",\"@id\":\"https:\/\/www.elektrykamorska.pl\/en\/products-en\/system-zarzadzania-praca-elektrowni-okretowej-pms\/#breadcrumb\",\"itemListElement\":[{\"@type\":\"ListItem\",\"position\":1,\"name\":\"Homepage\",\"item\":\"https:\/\/www.elektrykamorska.pl\/en\/\"},{\"@type\":\"ListItem\",\"position\":2,\"name\":\"Products\",\"item\":\"https:\/\/www.elektrykamorska.pl\/en\/produkty\/\"},{\"@type\":\"ListItem\",\"position\":3,\"name\":\"System zarz\u0105dzania prac\u0105 elektrowni okr\u0119towej (PMS)\"}]},{\"@type\":\"WebSite\",\"@id\":\"https:\/\/www.elektrykamorska.pl\/en\/#website\",\"url\":\"https:\/\/www.elektrykamorska.pl\/en\/\",\"name\":\"Elektryka Morska\",\"description\":\"Empowering Green Future\",\"potentialAction\":[{\"@type\":\"SearchAction\",\"target\":{\"@type\":\"EntryPoint\",\"urlTemplate\":\"https:\/\/www.elektrykamorska.pl\/en\/?s={search_term_string}\"},\"query-input\":{\"@type\":\"PropertyValueSpecification\",\"valueRequired\":true,\"valueName\":\"search_term_string\"}}],\"inLanguage\":\"en-US\"}]}<\/script>\n<!-- \/ Yoast SEO plugin. -->","yoast_head_json":{"title":"System zarz\u0105dzania prac\u0105 elektrowni okr\u0119towej (PMS) - Elektryka Morska","robots":{"index":"index","follow":"follow","max-snippet":"max-snippet:-1","max-image-preview":"max-image-preview:large","max-video-preview":"max-video-preview:-1"},"canonical":"https:\/\/www.elektrykamorska.pl\/en\/products-en\/system-zarzadzania-praca-elektrowni-okretowej-pms\/","og_locale":"en_US","og_type":"article","og_title":"System zarz\u0105dzania prac\u0105 elektrowni okr\u0119towej (PMS) - Elektryka Morska","og_description":"Nasz System zarz\u0105dzania prac\u0105 elektrowni okr\u0119towej (PMS) to zaawansowane rozwi\u0105zanie, kt\u00f3re umo\u017cliwia optymalizacj\u0119 pracy ca\u0142ego uk\u0142adu energetycznego jednostki p\u0142ywaj\u0105cej. Dzi\u0119ki niemu mo\u017cliwe jest efektywne monitorowanie i kontrolowanie wszystkich kluczowych parametr\u00f3w elektrowni, takich jak wydajno\u015b\u0107 generator\u00f3w, zu\u017cycie paliwa, temperatura, ci\u015bnienie czy poziom na\u0142adowania akumulator\u00f3w. System PMS zapewnia ci\u0105g\u0142y nadz\u00f3r nad prac\u0105 \u017ar\u00f3de\u0142 energii, automatycznie dostosowuj\u0105c ilo\u015b\u0107 [&hellip;]","og_url":"https:\/\/www.elektrykamorska.pl\/en\/products-en\/system-zarzadzania-praca-elektrowni-okretowej-pms\/","og_site_name":"Elektryka Morska","article_publisher":"https:\/\/www.facebook.com\/ElektrykaMorska\/","article_modified_time":"2025-12-02T11:30:53+00:00","og_image":[{"width":1386,"height":850,"url":"https:\/\/www.elektrykamorska.pl\/wp-content\/uploads\/2024\/11\/pms.jpg","type":"image\/jpeg"}],"twitter_card":"summary_large_image","twitter_misc":{"Est. reading time":"1 minute"},"schema":{"@context":"https:\/\/schema.org","@graph":[{"@type":"WebPage","@id":"https:\/\/www.elektrykamorska.pl\/en\/products-en\/system-zarzadzania-praca-elektrowni-okretowej-pms\/","url":"https:\/\/www.elektrykamorska.pl\/en\/products-en\/system-zarzadzania-praca-elektrowni-okretowej-pms\/","name":"System zarz\u0105dzania prac\u0105 elektrowni okr\u0119towej (PMS) - Elektryka Morska","isPartOf":{"@id":"https:\/\/www.elektrykamorska.pl\/en\/#website"},"primaryImageOfPage":{"@id":"https:\/\/www.elektrykamorska.pl\/en\/products-en\/system-zarzadzania-praca-elektrowni-okretowej-pms\/#primaryimage"},"image":{"@id":"https:\/\/www.elektrykamorska.pl\/en\/products-en\/system-zarzadzania-praca-elektrowni-okretowej-pms\/#primaryimage"},"thumbnailUrl":"https:\/\/www.elektrykamorska.pl\/wp-content\/uploads\/2024\/11\/pms.jpg","datePublished":"2024-11-18T14:23:42+00:00","dateModified":"2025-12-02T11:30:53+00:00","breadcrumb":{"@id":"https:\/\/www.elektrykamorska.pl\/en\/products-en\/system-zarzadzania-praca-elektrowni-okretowej-pms\/#breadcrumb"},"inLanguage":"en-US","potentialAction":[{"@type":"ReadAction","target":["https:\/\/www.elektrykamorska.pl\/en\/products-en\/system-zarzadzania-praca-elektrowni-okretowej-pms\/"]}]},{"@type":"ImageObject","inLanguage":"en-US","@id":"https:\/\/www.elektrykamorska.pl\/en\/products-en\/system-zarzadzania-praca-elektrowni-okretowej-pms\/#primaryimage","url":"https:\/\/www.elektrykamorska.pl\/wp-content\/uploads\/2024\/11\/pms.jpg","contentUrl":"https:\/\/www.elektrykamorska.pl\/wp-content\/uploads\/2024\/11\/pms.jpg","width":1386,"height":850},{"@type":"BreadcrumbList","@id":"https:\/\/www.elektrykamorska.pl\/en\/products-en\/system-zarzadzania-praca-elektrowni-okretowej-pms\/#breadcrumb","itemListElement":[{"@type":"ListItem","position":1,"name":"Homepage","item":"https:\/\/www.elektrykamorska.pl\/en\/"},{"@type":"ListItem","position":2,"name":"Products","item":"https:\/\/www.elektrykamorska.pl\/en\/produkty\/"},{"@type":"ListItem","position":3,"name":"System zarz\u0105dzania prac\u0105 elektrowni okr\u0119towej (PMS)"}]},{"@type":"WebSite","@id":"https:\/\/www.elektrykamorska.pl\/en\/#website","url":"https:\/\/www.elektrykamorska.pl\/en\/","name":"Elektryka Morska","description":"Empowering Green Future","potentialAction":[{"@type":"SearchAction","target":{"@type":"EntryPoint","urlTemplate":"https:\/\/www.elektrykamorska.pl\/en\/?s={search_term_string}"},"query-input":{"@type":"PropertyValueSpecification","valueRequired":true,"valueName":"search_term_string"}}],"inLanguage":"en-US"}]}},"_links":{"self":[{"href":"https:\/\/www.elektrykamorska.pl\/en\/wp-json\/wp\/v2\/product\/18214","targetHints":{"allow":["GET"]}}],"collection":[{"href":"https:\/\/www.elektrykamorska.pl\/en\/wp-json\/wp\/v2\/product"}],"about":[{"href":"https:\/\/www.elektrykamorska.pl\/en\/wp-json\/wp\/v2\/types\/product"}],"version-history":[{"count":1,"href":"https:\/\/www.elektrykamorska.pl\/en\/wp-json\/wp\/v2\/product\/18214\/revisions"}],"predecessor-version":[{"id":18464,"href":"https:\/\/www.elektrykamorska.pl\/en\/wp-json\/wp\/v2\/product\/18214\/revisions\/18464"}],"wp:featuredmedia":[{"embeddable":true,"href":"https:\/\/www.elektrykamorska.pl\/en\/wp-json\/wp\/v2\/media\/17314"}],"wp:attachment":[{"href":"https:\/\/www.elektrykamorska.pl\/en\/wp-json\/wp\/v2\/media?parent=18214"}],"wp:term":[{"taxonomy":"product_cat","embeddable":true,"href":"https:\/\/www.elektrykamorska.pl\/en\/wp-json\/wp\/v2\/product_cat?post=18214"}],"curies":[{"name":"wp","href":"https:\/\/api.w.org\/{rel}","templated":true}]}}