{"id":15318,"date":"2024-11-18T15:29:49","date_gmt":"2024-11-18T14:29:49","guid":{"rendered":"https:\/\/www.elektrykamorska.pl\/?post_type=product&#038;p=15318"},"modified":"2025-12-02T12:30:46","modified_gmt":"2025-12-02T11:30:46","slug":"system-ias","status":"publish","type":"product","link":"https:\/\/www.elektrykamorska.pl\/en\/produkt\/system-ias\/","title":{"rendered":"System zintegrowanej automatyki statku (IAS)"},"content":{"rendered":"\t\t<div data-elementor-type=\"wp-post\" data-elementor-id=\"15318\" class=\"elementor elementor-15318\" data-elementor-post-type=\"product\">\n\t\t\t\t\t\t<section class=\"elementor-section elementor-top-section elementor-element elementor-element-5a2a88a elementor-section-boxed elementor-section-height-default elementor-section-height-default\" data-id=\"5a2a88a\" data-element_type=\"section\">\n\t\t\t\t\t\t<div class=\"elementor-container elementor-column-gap-default\">\n\t\t\t\t\t\t<\/div>\n\t\t<\/section>\n\t\t\t\t<section class=\"elementor-section elementor-top-section elementor-element elementor-element-703283a elementor-section-boxed elementor-section-height-default elementor-section-height-default\" data-id=\"703283a\" data-element_type=\"section\">\n\t\t\t\t\t\t<div class=\"elementor-container elementor-column-gap-default\">\n\t\t\t\t\t\t<\/div>\n\t\t<\/section>\n\t\t<div class=\"elementor-element elementor-element-b7d7e89 e-flex e-con-boxed e-con e-parent\" data-id=\"b7d7e89\" data-element_type=\"container\">\n\t\t\t\t\t<div class=\"e-con-inner\">\n\t\t\t\t<div class=\"elementor-element elementor-element-9283b1e elementor-widget elementor-widget-text-editor\" data-id=\"9283b1e\" data-element_type=\"widget\" data-widget_type=\"text-editor.default\">\n\t\t\t\t<div class=\"elementor-widget-container\">\n\t\t\t\t\t\t\t\t\t<p>System Zintegrowanej Automatyki Statku (IAS) to innowacyjne rozwi\u0105zanie, kt\u00f3re zosta\u0142o zaprojektowane z my\u015bl\u0105 o potrzebach zar\u00f3wno polskich, jak i zagranicznych armator\u00f3w. IAS to zaawansowany system zarz\u0105dzania i kontroli nad wszystkimi kluczowymi instalacjami statku, zapewniaj\u0105cy maksymaln\u0105 niezawodno\u015b\u0107 i bezpiecze\u0144stwo operacyjne.<\/p>\t\t\t\t\t\t\t\t<\/div>\n\t\t\t\t<\/div>\n\t\t\t\t<div class=\"elementor-element elementor-element-4c92a6c elementor-widget elementor-widget-text-editor\" data-id=\"4c92a6c\" data-element_type=\"widget\" data-widget_type=\"text-editor.default\">\n\t\t\t\t<div class=\"elementor-widget-container\">\n\t\t\t\t\t\t\t\t\t<p style=\"text-align: justify;\">IAS zbudowany jest na bazie redundantnej sieci komunikacyjnej, co oznacza, \u017ce w przypadku awarii w jednej sieci komunikacyjnej rezerwowy modu\u0142 automatycznie przejmuje jej funkcj\u0119, gwarantuj\u0105c ci\u0105g\u0142o\u015b\u0107 pracy bez zak\u0142\u00f3ce\u0144. Dzi\u0119ki temu rozwi\u0105zaniu mo\u017cliwe jest skuteczne zapobieganie nieplanowanym przestojom i ograniczenie koszt\u00f3w wynikaj\u0105cych z awarii i przerw w pracy instalacji.<\/p>\t\t\t\t\t\t\t\t<\/div>\n\t\t\t\t<\/div>\n\t\t\t\t<div class=\"elementor-element elementor-element-3125660 elementor-widget elementor-widget-text-editor\" data-id=\"3125660\" data-element_type=\"widget\" data-widget_type=\"text-editor.default\">\n\t\t\t\t<div class=\"elementor-widget-container\">\n\t\t\t\t\t\t\t\t\t<p class=\"MsoNormal\" style=\"text-align: justify;\">Modu\u0142owa konstrukcja IAS pozwala na elastyczn\u0105 rozbudow\u0119 systemu, umo\u017cliwiaj\u0105c \u0142atwe dodawanie nowych modu\u0142\u00f3w bez konieczno\u015bci modernizacji ca\u0142ego uk\u0142adu. Ta nowoczesna architektura idealnie odpowiada na potrzeby remont\u00f3w i modernizacji jednostek, co zapewnia klientom oszcz\u0119dno\u015b\u0107 czasu i koszt\u00f3w.<\/p>\t\t\t\t\t\t\t\t<\/div>\n\t\t\t\t<\/div>\n\t\t\t\t<div class=\"elementor-element elementor-element-d956124 elementor-widget elementor-widget-text-editor\" data-id=\"d956124\" data-element_type=\"widget\" data-widget_type=\"text-editor.default\">\n\t\t\t\t<div class=\"elementor-widget-container\">\n\t\t\t\t\t\t\t\t\t<p class=\"MsoNormal\" style=\"text-align: justify;\">Modu\u0142owa konstrukcja IAS pozwala na elastyczn\u0105 rozbudow\u0119 systemu, umo\u017cliwiaj\u0105c \u0142atwe dodawanie nowych modu\u0142\u00f3w bez konieczno\u015bci modernizacji ca\u0142ego uk\u0142adu. Ta nowoczesna architektura idealnie odpowiada na potrzeby remont\u00f3w i modernizacji jednostek, co zapewnia klientom oszcz\u0119dno\u015b\u0107 czasu i koszt\u00f3w.<\/p>\t\t\t\t\t\t\t\t<\/div>\n\t\t\t\t<\/div>\n\t\t\t\t\t<\/div>\n\t\t\t\t<\/div>\n\t\t\t\t<\/div>\n\t\t","protected":false},"featured_media":15333,"template":"elementor_theme","meta":{"_acf_changed":false},"product_cat":[537],"class_list":["post-15318","product","type-product","status-publish","has-post-thumbnail","hentry","product_cat-systemy"],"acf":{"photo_gallery":{"galeria_zdjec":[[]]}},"yoast_head":"<!-- This site is optimized with the Yoast SEO plugin v26.4 - https:\/\/yoast.com\/wordpress\/plugins\/seo\/ -->\n<title>System zintegrowanej automatyki statku (IAS) - Elektryka Morska<\/title>\n<meta name=\"robots\" content=\"index, follow, max-snippet:-1, max-image-preview:large, max-video-preview:-1\" \/>\n<link rel=\"canonical\" href=\"https:\/\/www.elektrykamorska.pl\/en\/produkt\/system-ias\/\" \/>\n<meta property=\"og:locale\" content=\"en_US\" \/>\n<meta property=\"og:type\" content=\"article\" \/>\n<meta property=\"og:title\" content=\"System zintegrowanej automatyki statku (IAS) - Elektryka Morska\" \/>\n<meta property=\"og:description\" content=\"System Zintegrowanej Automatyki Statku (IAS) to innowacyjne rozwi\u0105zanie, kt\u00f3re zosta\u0142o zaprojektowane z my\u015bl\u0105 o potrzebach zar\u00f3wno polskich, jak i zagranicznych armator\u00f3w. IAS to zaawansowany system zarz\u0105dzania i kontroli nad wszystkimi kluczowymi instalacjami statku, zapewniaj\u0105cy maksymaln\u0105 niezawodno\u015b\u0107 i bezpiecze\u0144stwo operacyjne. IAS zbudowany jest na bazie redundantnej sieci komunikacyjnej, co oznacza, \u017ce w przypadku awarii w jednej [&hellip;]\" \/>\n<meta property=\"og:url\" content=\"https:\/\/www.elektrykamorska.pl\/en\/produkt\/system-ias\/\" \/>\n<meta property=\"og:site_name\" content=\"Elektryka Morska\" \/>\n<meta property=\"article:publisher\" content=\"https:\/\/www.facebook.com\/ElektrykaMorska\/\" \/>\n<meta property=\"article:modified_time\" content=\"2025-12-02T11:30:46+00:00\" \/>\n<meta property=\"og:image\" content=\"https:\/\/www.elektrykamorska.pl\/wp-content\/uploads\/2024\/11\/DSC01957-1.jpg\" \/>\n\t<meta property=\"og:image:width\" content=\"1920\" \/>\n\t<meta property=\"og:image:height\" content=\"1902\" \/>\n\t<meta property=\"og:image:type\" content=\"image\/jpeg\" \/>\n<meta name=\"twitter:card\" content=\"summary_large_image\" \/>\n<meta name=\"twitter:label1\" content=\"Est. reading time\" \/>\n\t<meta name=\"twitter:data1\" content=\"1 minute\" \/>\n<script type=\"application\/ld+json\" class=\"yoast-schema-graph\">{\"@context\":\"https:\/\/schema.org\",\"@graph\":[{\"@type\":\"WebPage\",\"@id\":\"https:\/\/www.elektrykamorska.pl\/en\/produkt\/system-ias\/\",\"url\":\"https:\/\/www.elektrykamorska.pl\/en\/produkt\/system-ias\/\",\"name\":\"System zintegrowanej automatyki statku (IAS) - Elektryka Morska\",\"isPartOf\":{\"@id\":\"https:\/\/www.elektrykamorska.pl\/en\/#website\"},\"primaryImageOfPage\":{\"@id\":\"https:\/\/www.elektrykamorska.pl\/en\/produkt\/system-ias\/#primaryimage\"},\"image\":{\"@id\":\"https:\/\/www.elektrykamorska.pl\/en\/produkt\/system-ias\/#primaryimage\"},\"thumbnailUrl\":\"https:\/\/www.elektrykamorska.pl\/wp-content\/uploads\/2024\/11\/DSC01957-1.jpg\",\"datePublished\":\"2024-11-18T14:29:49+00:00\",\"dateModified\":\"2025-12-02T11:30:46+00:00\",\"breadcrumb\":{\"@id\":\"https:\/\/www.elektrykamorska.pl\/en\/produkt\/system-ias\/#breadcrumb\"},\"inLanguage\":\"en-US\",\"potentialAction\":[{\"@type\":\"ReadAction\",\"target\":[\"https:\/\/www.elektrykamorska.pl\/en\/produkt\/system-ias\/\"]}]},{\"@type\":\"ImageObject\",\"inLanguage\":\"en-US\",\"@id\":\"https:\/\/www.elektrykamorska.pl\/en\/produkt\/system-ias\/#primaryimage\",\"url\":\"https:\/\/www.elektrykamorska.pl\/wp-content\/uploads\/2024\/11\/DSC01957-1.jpg\",\"contentUrl\":\"https:\/\/www.elektrykamorska.pl\/wp-content\/uploads\/2024\/11\/DSC01957-1.jpg\",\"width\":1920,\"height\":1902},{\"@type\":\"BreadcrumbList\",\"@id\":\"https:\/\/www.elektrykamorska.pl\/en\/produkt\/system-ias\/#breadcrumb\",\"itemListElement\":[{\"@type\":\"ListItem\",\"position\":1,\"name\":\"Homepage\",\"item\":\"https:\/\/www.elektrykamorska.pl\/en\/\"},{\"@type\":\"ListItem\",\"position\":2,\"name\":\"Products\",\"item\":\"https:\/\/www.elektrykamorska.pl\/en\/produkty\/\"},{\"@type\":\"ListItem\",\"position\":3,\"name\":\"Others\",\"item\":\"https:\/\/www.elektrykamorska.pl\/en\/kategoria-produktu\/others\/\"},{\"@type\":\"ListItem\",\"position\":4,\"name\":\"Systemy\",\"item\":\"https:\/\/www.elektrykamorska.pl\/en\/kategoria-produktu\/systemy\/\"},{\"@type\":\"ListItem\",\"position\":5,\"name\":\"System zintegrowanej automatyki statku (IAS)\"}]},{\"@type\":\"WebSite\",\"@id\":\"https:\/\/www.elektrykamorska.pl\/en\/#website\",\"url\":\"https:\/\/www.elektrykamorska.pl\/en\/\",\"name\":\"Elektryka Morska\",\"description\":\"Empowering Green Future\",\"potentialAction\":[{\"@type\":\"SearchAction\",\"target\":{\"@type\":\"EntryPoint\",\"urlTemplate\":\"https:\/\/www.elektrykamorska.pl\/en\/?s={search_term_string}\"},\"query-input\":{\"@type\":\"PropertyValueSpecification\",\"valueRequired\":true,\"valueName\":\"search_term_string\"}}],\"inLanguage\":\"en-US\"}]}<\/script>\n<!-- \/ Yoast SEO plugin. -->","yoast_head_json":{"title":"System zintegrowanej automatyki statku (IAS) - Elektryka Morska","robots":{"index":"index","follow":"follow","max-snippet":"max-snippet:-1","max-image-preview":"max-image-preview:large","max-video-preview":"max-video-preview:-1"},"canonical":"https:\/\/www.elektrykamorska.pl\/en\/produkt\/system-ias\/","og_locale":"en_US","og_type":"article","og_title":"System zintegrowanej automatyki statku (IAS) - Elektryka Morska","og_description":"System Zintegrowanej Automatyki Statku (IAS) to innowacyjne rozwi\u0105zanie, kt\u00f3re zosta\u0142o zaprojektowane z my\u015bl\u0105 o potrzebach zar\u00f3wno polskich, jak i zagranicznych armator\u00f3w. IAS to zaawansowany system zarz\u0105dzania i kontroli nad wszystkimi kluczowymi instalacjami statku, zapewniaj\u0105cy maksymaln\u0105 niezawodno\u015b\u0107 i bezpiecze\u0144stwo operacyjne. IAS zbudowany jest na bazie redundantnej sieci komunikacyjnej, co oznacza, \u017ce w przypadku awarii w jednej [&hellip;]","og_url":"https:\/\/www.elektrykamorska.pl\/en\/produkt\/system-ias\/","og_site_name":"Elektryka Morska","article_publisher":"https:\/\/www.facebook.com\/ElektrykaMorska\/","article_modified_time":"2025-12-02T11:30:46+00:00","og_image":[{"width":1920,"height":1902,"url":"https:\/\/www.elektrykamorska.pl\/wp-content\/uploads\/2024\/11\/DSC01957-1.jpg","type":"image\/jpeg"}],"twitter_card":"summary_large_image","twitter_misc":{"Est. reading time":"1 minute"},"schema":{"@context":"https:\/\/schema.org","@graph":[{"@type":"WebPage","@id":"https:\/\/www.elektrykamorska.pl\/en\/produkt\/system-ias\/","url":"https:\/\/www.elektrykamorska.pl\/en\/produkt\/system-ias\/","name":"System zintegrowanej automatyki statku (IAS) - Elektryka Morska","isPartOf":{"@id":"https:\/\/www.elektrykamorska.pl\/en\/#website"},"primaryImageOfPage":{"@id":"https:\/\/www.elektrykamorska.pl\/en\/produkt\/system-ias\/#primaryimage"},"image":{"@id":"https:\/\/www.elektrykamorska.pl\/en\/produkt\/system-ias\/#primaryimage"},"thumbnailUrl":"https:\/\/www.elektrykamorska.pl\/wp-content\/uploads\/2024\/11\/DSC01957-1.jpg","datePublished":"2024-11-18T14:29:49+00:00","dateModified":"2025-12-02T11:30:46+00:00","breadcrumb":{"@id":"https:\/\/www.elektrykamorska.pl\/en\/produkt\/system-ias\/#breadcrumb"},"inLanguage":"en-US","potentialAction":[{"@type":"ReadAction","target":["https:\/\/www.elektrykamorska.pl\/en\/produkt\/system-ias\/"]}]},{"@type":"ImageObject","inLanguage":"en-US","@id":"https:\/\/www.elektrykamorska.pl\/en\/produkt\/system-ias\/#primaryimage","url":"https:\/\/www.elektrykamorska.pl\/wp-content\/uploads\/2024\/11\/DSC01957-1.jpg","contentUrl":"https:\/\/www.elektrykamorska.pl\/wp-content\/uploads\/2024\/11\/DSC01957-1.jpg","width":1920,"height":1902},{"@type":"BreadcrumbList","@id":"https:\/\/www.elektrykamorska.pl\/en\/produkt\/system-ias\/#breadcrumb","itemListElement":[{"@type":"ListItem","position":1,"name":"Homepage","item":"https:\/\/www.elektrykamorska.pl\/en\/"},{"@type":"ListItem","position":2,"name":"Products","item":"https:\/\/www.elektrykamorska.pl\/en\/produkty\/"},{"@type":"ListItem","position":3,"name":"Others","item":"https:\/\/www.elektrykamorska.pl\/en\/kategoria-produktu\/others\/"},{"@type":"ListItem","position":4,"name":"Systemy","item":"https:\/\/www.elektrykamorska.pl\/en\/kategoria-produktu\/systemy\/"},{"@type":"ListItem","position":5,"name":"System zintegrowanej automatyki statku (IAS)"}]},{"@type":"WebSite","@id":"https:\/\/www.elektrykamorska.pl\/en\/#website","url":"https:\/\/www.elektrykamorska.pl\/en\/","name":"Elektryka Morska","description":"Empowering Green Future","potentialAction":[{"@type":"SearchAction","target":{"@type":"EntryPoint","urlTemplate":"https:\/\/www.elektrykamorska.pl\/en\/?s={search_term_string}"},"query-input":{"@type":"PropertyValueSpecification","valueRequired":true,"valueName":"search_term_string"}}],"inLanguage":"en-US"}]}},"_links":{"self":[{"href":"https:\/\/www.elektrykamorska.pl\/en\/wp-json\/wp\/v2\/product\/15318","targetHints":{"allow":["GET"]}}],"collection":[{"href":"https:\/\/www.elektrykamorska.pl\/en\/wp-json\/wp\/v2\/product"}],"about":[{"href":"https:\/\/www.elektrykamorska.pl\/en\/wp-json\/wp\/v2\/types\/product"}],"version-history":[{"count":4,"href":"https:\/\/www.elektrykamorska.pl\/en\/wp-json\/wp\/v2\/product\/15318\/revisions"}],"predecessor-version":[{"id":18071,"href":"https:\/\/www.elektrykamorska.pl\/en\/wp-json\/wp\/v2\/product\/15318\/revisions\/18071"}],"wp:featuredmedia":[{"embeddable":true,"href":"https:\/\/www.elektrykamorska.pl\/en\/wp-json\/wp\/v2\/media\/15333"}],"wp:attachment":[{"href":"https:\/\/www.elektrykamorska.pl\/en\/wp-json\/wp\/v2\/media?parent=15318"}],"wp:term":[{"taxonomy":"product_cat","embeddable":true,"href":"https:\/\/www.elektrykamorska.pl\/en\/wp-json\/wp\/v2\/product_cat?post=15318"}],"curies":[{"name":"wp","href":"https:\/\/api.w.org\/{rel}","templated":true}]}}